{"id":189,"date":"2025-06-01T11:51:51","date_gmt":"2025-06-01T11:51:51","guid":{"rendered":"https:\/\/uniquality.com.br\/?page_id=189"},"modified":"2025-06-02T16:09:43","modified_gmt":"2025-06-02T16:09:43","slug":"sassmaq","status":"publish","type":"page","link":"https:\/\/uniquality.com.br\/index.php\/sassmaq\/","title":{"rendered":"SASSMAQ"},"content":{"rendered":"\t\t<div data-elementor-type=\"wp-page\" data-elementor-id=\"189\" class=\"elementor elementor-189\">\n\t\t\t\t<div class=\"elementor-element elementor-element-a964f49 e-flex e-con-boxed e-con e-parent\" data-id=\"a964f49\" data-element_type=\"container\" data-e-type=\"container\">\n\t\t\t\t\t<div class=\"e-con-inner\">\n\t\t\t\t<div class=\"elementor-element elementor-element-405b532 elementor-widget elementor-widget-spacer\" data-id=\"405b532\" data-element_type=\"widget\" data-e-type=\"widget\" data-widget_type=\"spacer.default\">\n\t\t\t\t<div class=\"elementor-widget-container\">\n\t\t\t\t\t\t\t<div class=\"elementor-spacer\">\n\t\t\t<div class=\"elementor-spacer-inner\"><\/div>\n\t\t<\/div>\n\t\t\t\t\t\t<\/div>\n\t\t\t\t<\/div>\n\t\t\t\t\t<\/div>\n\t\t\t\t<\/div>\n\t\t<div class=\"elementor-element elementor-element-7887a8a e-flex e-con-boxed e-con e-parent\" data-id=\"7887a8a\" data-element_type=\"container\" data-e-type=\"container\">\n\t\t\t\t\t<div class=\"e-con-inner\">\n\t\t\t\t<div class=\"elementor-element elementor-element-df245ef elementor-widget elementor-widget-heading\" data-id=\"df245ef\" data-element_type=\"widget\" data-e-type=\"widget\" data-widget_type=\"heading.default\">\n\t\t\t\t<div class=\"elementor-widget-container\">\n\t\t\t\t\t<h1 class=\"elementor-heading-title elementor-size-default\">SASSMAQ<\/h1>\t\t\t\t<\/div>\n\t\t\t\t<\/div>\n\t\t\t\t<div class=\"elementor-element elementor-element-b2a339d elementor-widget elementor-widget-heading\" data-id=\"b2a339d\" data-element_type=\"widget\" data-e-type=\"widget\" data-widget_type=\"heading.default\">\n\t\t\t\t<div class=\"elementor-widget-container\">\n\t\t\t\t\t<h2 class=\"elementor-heading-title elementor-size-default\">Excel\u00eancia, Seguran\u00e7a e Sustentabilidade no Transporte<\/h2>\t\t\t\t<\/div>\n\t\t\t\t<\/div>\n\t\t\t\t\t<\/div>\n\t\t\t\t<\/div>\n\t\t<div class=\"elementor-element elementor-element-8d436fc e-flex e-con-boxed e-con e-parent\" data-id=\"8d436fc\" data-element_type=\"container\" data-e-type=\"container\">\n\t\t\t\t\t<div class=\"e-con-inner\">\n\t\t<div class=\"elementor-element elementor-element-4a8662a e-con-full e-flex e-con e-child\" data-id=\"4a8662a\" data-element_type=\"container\" data-e-type=\"container\">\n\t\t\t\t<div class=\"elementor-element elementor-element-b224c33 elementor-widget elementor-widget-text-editor\" data-id=\"b224c33\" data-element_type=\"widget\" data-e-type=\"widget\" data-widget_type=\"text-editor.default\">\n\t\t\t\t<div class=\"elementor-widget-container\">\n\t\t\t\t\t\t\t\t\t<p>Para transportadoras que buscam elevar seus padr\u00f5es de qualidade, seguran\u00e7a e responsabilidade ambiental, a certifica\u00e7\u00e3o <b>SASSMAQ <\/b>(Sistema de Avalia\u00e7\u00e3o de Seguran\u00e7a, Sa\u00fade, Meio Ambiente e Qualidade) \u00e9 um diferencial estrat\u00e9gico.<\/p><p>Desenvolvido para o setor de transporte de produtos qu\u00edmicos e cargas perigosas, esse sistema garante a conformidade com normas r\u00edgidas, refor\u00e7ando a credibilidade e a efici\u00eancia operacional das empresas.<br \/>Na UNIQUALITY, somos especialistas na implanta\u00e7\u00e3o e manuten\u00e7\u00e3o do SASSMAQ, ajudando transportadoras a estruturar processos, capacitar equipes e atender aos requisitos essenciais para certifica\u00e7\u00e3o.\u00a0<\/p>\t\t\t\t\t\t\t\t<\/div>\n\t\t\t\t<\/div>\n\t\t\t\t<\/div>\n\t\t<div class=\"elementor-element elementor-element-b00cb4e e-con-full e-flex e-con e-child\" data-id=\"b00cb4e\" data-element_type=\"container\" data-e-type=\"container\">\n\t\t\t\t<div class=\"elementor-element elementor-element-8249baa elementor-widget elementor-widget-image\" data-id=\"8249baa\" data-element_type=\"widget\" data-e-type=\"widget\" data-widget_type=\"image.default\">\n\t\t\t\t<div class=\"elementor-widget-container\">\n\t\t\t\t\t\t\t\t\t\t\t\t\t\t\t<img fetchpriority=\"high\" decoding=\"async\" width=\"500\" height=\"333\" src=\"https:\/\/uniquality.com.br\/wp-content\/uploads\/2025\/06\/imagens_paginas_ss.jpg\" class=\"attachment-large size-large wp-image-361\" alt=\"\" srcset=\"https:\/\/uniquality.com.br\/wp-content\/uploads\/2025\/06\/imagens_paginas_ss.jpg 500w, https:\/\/uniquality.com.br\/wp-content\/uploads\/2025\/06\/imagens_paginas_ss-300x200.jpg 300w\" sizes=\"(max-width: 500px) 100vw, 500px\" \/>\t\t\t\t\t\t\t\t\t\t\t\t\t\t\t<\/div>\n\t\t\t\t<\/div>\n\t\t\t\t<\/div>\n\t\t\t\t\t<\/div>\n\t\t\t\t<\/div>\n\t\t<div class=\"elementor-element elementor-element-6efc464 e-flex e-con-boxed e-con e-parent\" data-id=\"6efc464\" data-element_type=\"container\" data-e-type=\"container\">\n\t\t\t\t\t<div class=\"e-con-inner\">\n\t\t\t\t<div class=\"elementor-element elementor-element-9a75f6c elementor-widget elementor-widget-text-editor\" data-id=\"9a75f6c\" data-element_type=\"widget\" data-e-type=\"widget\" data-widget_type=\"text-editor.default\">\n\t\t\t\t<div class=\"elementor-widget-container\">\n\t\t\t\t\t\t\t\t\t<p>Com mais de 30 anos de experi\u00eancia, oferecemos uma consultoria estrat\u00e9gica para tornar sua empresa refer\u00eancia no setor log\u00edstico.<\/p><p>Como preparamos sua transportadora para o <b>SASSMAQ<\/b>?<\/p><p>&#8211; <b>Diagn\u00f3stico inicial<\/b> \u2013 Levantamento dos processos existentes e identifica\u00e7\u00e3o de pontos de melhoria.<\/p><p>&#8211; <b>Planejamento estrat\u00e9gico<\/b> \u2013 Defini\u00e7\u00e3o de objetivos e estrutura\u00e7\u00e3o do sistema de gest\u00e3o integrada.<\/p><p>&#8211; <b>Capacita\u00e7\u00e3o das equipes<\/b> \u2013 Treinamento voltado \u00e0 seguran\u00e7a, qualidade e sustentabilidade no transporte.<\/p><p>&#8211; <b>Implementa\u00e7\u00e3o das diretrizes<\/b> \u2013 Aplica\u00e7\u00e3o de controles para atender \u00e0s normas exigidas pelo SASSMAQ.<\/p><p>&#8211; <b>Auditoria interna<\/b> \u2013 Avalia\u00e7\u00e3o final para garantir conformidade e excel\u00eancia na certifica\u00e7\u00e3o.<\/p><p>O <b>SASSMAQ <\/b>reduz riscos operacionais, aumenta a efici\u00eancia dos processos log\u00edsticos e fortalece a credibilidade da sua transportadora perante o mercado e seus clientes.<\/p><p>Quer tornar sua transportadora refer\u00eancia em qualidade, seguran\u00e7a e sustentabilidade?<\/p><p>Fale com a <b>UNIQUALITY<\/b> e descubra como a certifica\u00e7\u00e3o SASSMAQ pode transformar sua opera\u00e7\u00e3o!<\/p>\t\t\t\t\t\t\t\t<\/div>\n\t\t\t\t<\/div>\n\t\t\t\t\t<\/div>\n\t\t\t\t<\/div>\n\t\t<div class=\"elementor-element elementor-element-e93545b e-flex e-con-boxed e-con e-parent\" data-id=\"e93545b\" data-element_type=\"container\" data-e-type=\"container\">\n\t\t\t\t\t<div class=\"e-con-inner\">\n\t\t\t\t<div class=\"elementor-element elementor-element-c3b42e0 elementor-widget elementor-widget-spacer\" data-id=\"c3b42e0\" data-element_type=\"widget\" data-e-type=\"widget\" data-widget_type=\"spacer.default\">\n\t\t\t\t<div class=\"elementor-widget-container\">\n\t\t\t\t\t\t\t<div class=\"elementor-spacer\">\n\t\t\t<div class=\"elementor-spacer-inner\"><\/div>\n\t\t<\/div>\n\t\t\t\t\t\t<\/div>\n\t\t\t\t<\/div>\n\t\t\t\t<div class=\"elementor-element elementor-element-cde2f2a elementor-fixed elementor-widget elementor-widget-button\" data-id=\"cde2f2a\" data-element_type=\"widget\" data-e-type=\"widget\" data-settings=\"{&quot;_position&quot;:&quot;fixed&quot;}\" data-widget_type=\"button.default\">\n\t\t\t\t<div class=\"elementor-widget-container\">\n\t\t\t\t\t\t\t\t\t<div class=\"elementor-button-wrapper\">\n\t\t\t\t\t<a class=\"elementor-button elementor-button-link elementor-size-sm elementor-animation-grow\" href=\"https:\/\/api.whatsapp.com\/send\/?phone=5547999820636&#038;text=Ol\u00e1,%20tudo%20bem?%20Acessei%20o%20seu%20site%20e%20gostaria%20de%20atendimento!&#038;type=phone_number&#038;app_absent=0\" target=\"_blank\">\n\t\t\t\t\t\t<span class=\"elementor-button-content-wrapper\">\n\t\t\t\t\t\t<span class=\"elementor-button-icon\">\n\t\t\t\t<svg aria-hidden=\"true\" class=\"e-font-icon-svg e-fab-whatsapp\" viewBox=\"0 0 448 512\" xmlns=\"http:\/\/www.w3.org\/2000\/svg\"><path d=\"M380.9 97.1C339 55.1 283.2 32 223.9 32c-122.4 0-222 99.6-222 222 0 39.1 10.2 77.3 29.6 111L0 480l117.7-30.9c32.4 17.7 68.9 27 106.1 27h.1c122.3 0 224.1-99.6 224.1-222 0-59.3-25.2-115-67.1-157zm-157 341.6c-33.2 0-65.7-8.9-94-25.7l-6.7-4-69.8 18.3L72 359.2l-4.4-7c-18.5-29.4-28.2-63.3-28.2-98.2 0-101.7 82.8-184.5 184.6-184.5 49.3 0 95.6 19.2 130.4 54.1 34.8 34.9 56.2 81.2 56.1 130.5 0 101.8-84.9 184.6-186.6 184.6zm101.2-138.2c-5.5-2.8-32.8-16.2-37.9-18-5.1-1.9-8.8-2.8-12.5 2.8-3.7 5.6-14.3 18-17.6 21.8-3.2 3.7-6.5 4.2-12 1.4-32.6-16.3-54-29.1-75.5-66-5.7-9.8 5.7-9.1 16.3-30.3 1.8-3.7.9-6.9-.5-9.7-1.4-2.8-12.5-30.1-17.1-41.2-4.5-10.8-9.1-9.3-12.5-9.5-3.2-.2-6.9-.2-10.6-.2-3.7 0-9.7 1.4-14.8 6.9-5.1 5.6-19.4 19-19.4 46.3 0 27.3 19.9 53.7 22.6 57.4 2.8 3.7 39.1 59.7 94.8 83.8 35.2 15.2 49 16.5 66.6 13.9 10.7-1.6 32.8-13.4 37.4-26.4 4.6-13 4.6-24.1 3.2-26.4-1.3-2.5-5-3.9-10.5-6.6z\"><\/path><\/svg>\t\t\t<\/span>\n\t\t\t\t\t\t\t\t<\/span>\n\t\t\t\t\t<\/a>\n\t\t\t\t<\/div>\n\t\t\t\t\t\t\t\t<\/div>\n\t\t\t\t<\/div>\n\t\t\t\t\t<\/div>\n\t\t\t\t<\/div>\n\t\t\t\t<\/div>\n\t\t","protected":false},"excerpt":{"rendered":"<p>SASSMAQ Excel\u00eancia, Seguran\u00e7a e Sustentabilidade no Transporte Para transportadoras que buscam elevar seus padr\u00f5es de qualidade, seguran\u00e7a e responsabilidade ambiental, a certifica\u00e7\u00e3o SASSMAQ (Sistema de Avalia\u00e7\u00e3o de Seguran\u00e7a, Sa\u00fade, Meio Ambiente e Qualidade) \u00e9 um diferencial estrat\u00e9gico. Desenvolvido para o setor de transporte de produtos qu\u00edmicos e cargas perigosas, esse sistema garante a conformidade com [&hellip;]<\/p>\n","protected":false},"author":1,"featured_media":0,"parent":0,"menu_order":0,"comment_status":"closed","ping_status":"closed","template":"elementor_header_footer","meta":{"footnotes":""},"class_list":["post-189","page","type-page","status-publish","hentry"],"_links":{"self":[{"href":"https:\/\/uniquality.com.br\/index.php\/wp-json\/wp\/v2\/pages\/189","targetHints":{"allow":["GET"]}}],"collection":[{"href":"https:\/\/uniquality.com.br\/index.php\/wp-json\/wp\/v2\/pages"}],"about":[{"href":"https:\/\/uniquality.com.br\/index.php\/wp-json\/wp\/v2\/types\/page"}],"author":[{"embeddable":true,"href":"https:\/\/uniquality.com.br\/index.php\/wp-json\/wp\/v2\/users\/1"}],"replies":[{"embeddable":true,"href":"https:\/\/uniquality.com.br\/index.php\/wp-json\/wp\/v2\/comments?post=189"}],"version-history":[{"count":17,"href":"https:\/\/uniquality.com.br\/index.php\/wp-json\/wp\/v2\/pages\/189\/revisions"}],"predecessor-version":[{"id":442,"href":"https:\/\/uniquality.com.br\/index.php\/wp-json\/wp\/v2\/pages\/189\/revisions\/442"}],"wp:attachment":[{"href":"https:\/\/uniquality.com.br\/index.php\/wp-json\/wp\/v2\/media?parent=189"}],"curies":[{"name":"wp","href":"https:\/\/api.w.org\/{rel}","templated":true}]}}