{"id":191,"date":"2025-06-01T11:51:37","date_gmt":"2025-06-01T11:51:37","guid":{"rendered":"https:\/\/uniquality.com.br\/?page_id=191"},"modified":"2025-06-03T13:42:13","modified_gmt":"2025-06-03T13:42:13","slug":"iso_14001","status":"publish","type":"page","link":"https:\/\/uniquality.com.br\/index.php\/iso_14001\/","title":{"rendered":"ISO 14.001"},"content":{"rendered":"\t\t<div data-elementor-type=\"wp-page\" data-elementor-id=\"191\" class=\"elementor elementor-191\">\n\t\t\t\t<div class=\"elementor-element elementor-element-f996234 e-flex e-con-boxed e-con e-parent\" data-id=\"f996234\" data-element_type=\"container\" data-e-type=\"container\">\n\t\t\t\t\t<div class=\"e-con-inner\">\n\t\t\t\t<div class=\"elementor-element elementor-element-c7fde88 elementor-widget elementor-widget-spacer\" data-id=\"c7fde88\" data-element_type=\"widget\" data-e-type=\"widget\" data-widget_type=\"spacer.default\">\n\t\t\t\t<div class=\"elementor-widget-container\">\n\t\t\t\t\t\t\t<div class=\"elementor-spacer\">\n\t\t\t<div class=\"elementor-spacer-inner\"><\/div>\n\t\t<\/div>\n\t\t\t\t\t\t<\/div>\n\t\t\t\t<\/div>\n\t\t\t\t\t<\/div>\n\t\t\t\t<\/div>\n\t\t<div class=\"elementor-element elementor-element-1370af8 e-flex e-con-boxed e-con e-parent\" data-id=\"1370af8\" data-element_type=\"container\" data-e-type=\"container\">\n\t\t\t\t\t<div class=\"e-con-inner\">\n\t\t\t\t<div class=\"elementor-element elementor-element-df245ef elementor-widget elementor-widget-heading\" data-id=\"df245ef\" data-element_type=\"widget\" data-e-type=\"widget\" data-widget_type=\"heading.default\">\n\t\t\t\t<div class=\"elementor-widget-container\">\n\t\t\t\t\t<h1 class=\"elementor-heading-title elementor-size-default\">Sustentabilidade e Efici\u00eancia<\/h1>\t\t\t\t<\/div>\n\t\t\t\t<\/div>\n\t\t\t\t<div class=\"elementor-element elementor-element-9ca8b7b elementor-widget elementor-widget-heading\" data-id=\"9ca8b7b\" data-element_type=\"widget\" data-e-type=\"widget\" data-widget_type=\"heading.default\">\n\t\t\t\t<div class=\"elementor-widget-container\">\n\t\t\t\t\t<h2 class=\"elementor-heading-title elementor-size-default\">Implanta\u00e7\u00e3o da ISO 14.001<\/h2>\t\t\t\t<\/div>\n\t\t\t\t<\/div>\n\t\t\t\t\t<\/div>\n\t\t\t\t<\/div>\n\t\t<div class=\"elementor-element elementor-element-3f17669 e-flex e-con-boxed e-con e-parent\" data-id=\"3f17669\" data-element_type=\"container\" data-e-type=\"container\">\n\t\t\t\t\t<div class=\"e-con-inner\">\n\t\t<div class=\"elementor-element elementor-element-5908099 e-con-full e-flex e-con e-child\" data-id=\"5908099\" data-element_type=\"container\" data-e-type=\"container\">\n\t\t\t\t<div class=\"elementor-element elementor-element-a523eba elementor-widget elementor-widget-text-editor\" data-id=\"a523eba\" data-element_type=\"widget\" data-e-type=\"widget\" data-widget_type=\"text-editor.default\">\n\t\t\t\t<div class=\"elementor-widget-container\">\n\t\t\t\t\t\t\t\t\t<p>A gest\u00e3o ambiental eficiente n\u00e3o \u00e9 apenas uma necessidade, mas um diferencial estrat\u00e9gico para empresas que desejam se destacar no mercado e operar de forma sustent\u00e1vel.<\/p><p>A certifica\u00e7\u00e3o ISO 14001 \u00e9 a refer\u00eancia global para sistemas de gest\u00e3o ambiental, garantindo que sua empresa atue com responsabilidade, reduzindo impactos e melhorando sua efici\u00eancia operacional.<\/p><p>Na <b>UNIQUALITY<\/b>, oferecemos suporte especializado para a implanta\u00e7\u00e3o de sistemas de gest\u00e3o ambiental alinhados \u00e0 ISO 14001.\u00a0<\/p>\t\t\t\t\t\t\t\t<\/div>\n\t\t\t\t<\/div>\n\t\t\t\t<\/div>\n\t\t<div class=\"elementor-element elementor-element-a1e4778 e-con-full e-flex e-con e-child\" data-id=\"a1e4778\" data-element_type=\"container\" data-e-type=\"container\">\n\t\t\t\t<div class=\"elementor-element elementor-element-a6efcde elementor-widget elementor-widget-image\" data-id=\"a6efcde\" data-element_type=\"widget\" data-e-type=\"widget\" data-widget_type=\"image.default\">\n\t\t\t\t<div class=\"elementor-widget-container\">\n\t\t\t\t\t\t\t\t\t\t\t\t\t\t\t<img fetchpriority=\"high\" decoding=\"async\" width=\"500\" height=\"334\" src=\"https:\/\/uniquality.com.br\/wp-content\/uploads\/2025\/06\/imagens_paginas_se.jpg\" class=\"attachment-large size-large wp-image-344\" alt=\"\" srcset=\"https:\/\/uniquality.com.br\/wp-content\/uploads\/2025\/06\/imagens_paginas_se.jpg 500w, https:\/\/uniquality.com.br\/wp-content\/uploads\/2025\/06\/imagens_paginas_se-300x200.jpg 300w\" sizes=\"(max-width: 500px) 100vw, 500px\" \/>\t\t\t\t\t\t\t\t\t\t\t\t\t\t\t<\/div>\n\t\t\t\t<\/div>\n\t\t\t\t<\/div>\n\t\t\t\t\t<\/div>\n\t\t\t\t<\/div>\n\t\t<div class=\"elementor-element elementor-element-6efc464 e-flex e-con-boxed e-con e-parent\" data-id=\"6efc464\" data-element_type=\"container\" data-e-type=\"container\">\n\t\t\t\t\t<div class=\"e-con-inner\">\n\t\t\t\t<div class=\"elementor-element elementor-element-9a75f6c elementor-widget elementor-widget-text-editor\" data-id=\"9a75f6c\" data-element_type=\"widget\" data-e-type=\"widget\" data-widget_type=\"text-editor.default\">\n\t\t\t\t<div class=\"elementor-widget-container\">\n\t\t\t\t\t\t\t\t\t<p>Com mais de 30 anos de experi\u00eancia, nossa consultoria estrat\u00e9gica capacita sua organiza\u00e7\u00e3o a integrar pr\u00e1ticas sustent\u00e1veis, atender aos requisitos normativos e fortalecer sua imagem corporativa.<\/p><p>Como transformamos sua gest\u00e3o ambiental?<\/p><p>\u2022 <b>Diagn\u00f3stico ambiental<\/b> \u2013 Avalia\u00e7\u00e3o inicial dos impactos ambientais e oportunidades de melhoria.<\/p><p>\u2022 <b>Planejamento estrat\u00e9gico<\/b> \u2013 Estrutura\u00e7\u00e3o do sistema de gest\u00e3o ambiental e defini\u00e7\u00e3o de metas sustent\u00e1veis.<\/p><p>\u2022 <b>Capacita\u00e7\u00e3o das equipes<\/b> \u2013 Treinamentos para engajamento e aplica\u00e7\u00e3o eficaz dos processos.<\/p><p>\u2022 <b>Implementa\u00e7\u00e3o de controles<\/b> \u2013 Aplica\u00e7\u00e3o de pr\u00e1ticas alinhadas aos requisitos da ISO 14001.<\/p><p>\u2022 <b>Auditoria interna<\/b> \u2013 Verifica\u00e7\u00e3o da conformidade do sistema e prepara\u00e7\u00e3o para certifica\u00e7\u00e3o.<\/p><p>Empresas que adotam a ISO 14001 n\u00e3o apenas cumprem normas ambientais, mas tamb\u00e9m fortalecem sua competitividade, agregam valor \u00e0 marca e contribuem para um futuro mais sustent\u00e1vel.<\/p><p>Quer tornar sua empresa refer\u00eancia em gest\u00e3o ambiental?<\/p><p>Fale com a <b>UNIQUALITY <\/b>e descubra como podemos ajudar sua organiza\u00e7\u00e3o a alcan\u00e7ar novos patamares de responsabilidade e efici\u00eancia!<\/p>\t\t\t\t\t\t\t\t<\/div>\n\t\t\t\t<\/div>\n\t\t\t\t\t<\/div>\n\t\t\t\t<\/div>\n\t\t<div class=\"elementor-element elementor-element-e93545b e-flex e-con-boxed e-con e-parent\" data-id=\"e93545b\" data-element_type=\"container\" data-e-type=\"container\">\n\t\t\t\t\t<div class=\"e-con-inner\">\n\t\t\t\t<div class=\"elementor-element elementor-element-c3b42e0 elementor-widget elementor-widget-spacer\" data-id=\"c3b42e0\" data-element_type=\"widget\" data-e-type=\"widget\" data-widget_type=\"spacer.default\">\n\t\t\t\t<div class=\"elementor-widget-container\">\n\t\t\t\t\t\t\t<div class=\"elementor-spacer\">\n\t\t\t<div class=\"elementor-spacer-inner\"><\/div>\n\t\t<\/div>\n\t\t\t\t\t\t<\/div>\n\t\t\t\t<\/div>\n\t\t\t\t<div class=\"elementor-element elementor-element-82bc7a5 elementor-fixed elementor-widget elementor-widget-button\" data-id=\"82bc7a5\" data-element_type=\"widget\" data-e-type=\"widget\" data-settings=\"{&quot;_position&quot;:&quot;fixed&quot;}\" data-widget_type=\"button.default\">\n\t\t\t\t<div class=\"elementor-widget-container\">\n\t\t\t\t\t\t\t\t\t<div class=\"elementor-button-wrapper\">\n\t\t\t\t\t<a class=\"elementor-button elementor-button-link elementor-size-sm elementor-animation-grow\" href=\"https:\/\/api.whatsapp.com\/send\/?phone=5547999820636&#038;text=Ol\u00e1,%20tudo%20bem?%20Acessei%20o%20seu%20site%20e%20gostaria%20de%20atendimento!&#038;type=phone_number&#038;app_absent=0\" target=\"_blank\">\n\t\t\t\t\t\t<span class=\"elementor-button-content-wrapper\">\n\t\t\t\t\t\t<span class=\"elementor-button-icon\">\n\t\t\t\t<svg aria-hidden=\"true\" class=\"e-font-icon-svg e-fab-whatsapp\" viewBox=\"0 0 448 512\" xmlns=\"http:\/\/www.w3.org\/2000\/svg\"><path d=\"M380.9 97.1C339 55.1 283.2 32 223.9 32c-122.4 0-222 99.6-222 222 0 39.1 10.2 77.3 29.6 111L0 480l117.7-30.9c32.4 17.7 68.9 27 106.1 27h.1c122.3 0 224.1-99.6 224.1-222 0-59.3-25.2-115-67.1-157zm-157 341.6c-33.2 0-65.7-8.9-94-25.7l-6.7-4-69.8 18.3L72 359.2l-4.4-7c-18.5-29.4-28.2-63.3-28.2-98.2 0-101.7 82.8-184.5 184.6-184.5 49.3 0 95.6 19.2 130.4 54.1 34.8 34.9 56.2 81.2 56.1 130.5 0 101.8-84.9 184.6-186.6 184.6zm101.2-138.2c-5.5-2.8-32.8-16.2-37.9-18-5.1-1.9-8.8-2.8-12.5 2.8-3.7 5.6-14.3 18-17.6 21.8-3.2 3.7-6.5 4.2-12 1.4-32.6-16.3-54-29.1-75.5-66-5.7-9.8 5.7-9.1 16.3-30.3 1.8-3.7.9-6.9-.5-9.7-1.4-2.8-12.5-30.1-17.1-41.2-4.5-10.8-9.1-9.3-12.5-9.5-3.2-.2-6.9-.2-10.6-.2-3.7 0-9.7 1.4-14.8 6.9-5.1 5.6-19.4 19-19.4 46.3 0 27.3 19.9 53.7 22.6 57.4 2.8 3.7 39.1 59.7 94.8 83.8 35.2 15.2 49 16.5 66.6 13.9 10.7-1.6 32.8-13.4 37.4-26.4 4.6-13 4.6-24.1 3.2-26.4-1.3-2.5-5-3.9-10.5-6.6z\"><\/path><\/svg>\t\t\t<\/span>\n\t\t\t\t\t\t\t\t<\/span>\n\t\t\t\t\t<\/a>\n\t\t\t\t<\/div>\n\t\t\t\t\t\t\t\t<\/div>\n\t\t\t\t<\/div>\n\t\t\t\t\t<\/div>\n\t\t\t\t<\/div>\n\t\t\t\t<\/div>\n\t\t","protected":false},"excerpt":{"rendered":"<p>Sustentabilidade e Efici\u00eancia Implanta\u00e7\u00e3o da ISO 14.001 A gest\u00e3o ambiental eficiente n\u00e3o \u00e9 apenas uma necessidade, mas um diferencial estrat\u00e9gico para empresas que desejam se destacar no mercado e operar de forma sustent\u00e1vel. A certifica\u00e7\u00e3o ISO 14001 \u00e9 a refer\u00eancia global para sistemas de gest\u00e3o ambiental, garantindo que sua empresa atue com responsabilidade, reduzindo impactos [&hellip;]<\/p>\n","protected":false},"author":1,"featured_media":0,"parent":0,"menu_order":0,"comment_status":"closed","ping_status":"closed","template":"elementor_header_footer","meta":{"footnotes":""},"class_list":["post-191","page","type-page","status-publish","hentry"],"_links":{"self":[{"href":"https:\/\/uniquality.com.br\/index.php\/wp-json\/wp\/v2\/pages\/191","targetHints":{"allow":["GET"]}}],"collection":[{"href":"https:\/\/uniquality.com.br\/index.php\/wp-json\/wp\/v2\/pages"}],"about":[{"href":"https:\/\/uniquality.com.br\/index.php\/wp-json\/wp\/v2\/types\/page"}],"author":[{"embeddable":true,"href":"https:\/\/uniquality.com.br\/index.php\/wp-json\/wp\/v2\/users\/1"}],"replies":[{"embeddable":true,"href":"https:\/\/uniquality.com.br\/index.php\/wp-json\/wp\/v2\/comments?post=191"}],"version-history":[{"count":17,"href":"https:\/\/uniquality.com.br\/index.php\/wp-json\/wp\/v2\/pages\/191\/revisions"}],"predecessor-version":[{"id":523,"href":"https:\/\/uniquality.com.br\/index.php\/wp-json\/wp\/v2\/pages\/191\/revisions\/523"}],"wp:attachment":[{"href":"https:\/\/uniquality.com.br\/index.php\/wp-json\/wp\/v2\/media?parent=191"}],"curies":[{"name":"wp","href":"https:\/\/api.w.org\/{rel}","templated":true}]}}