{"id":193,"date":"2025-06-01T11:52:16","date_gmt":"2025-06-01T11:52:16","guid":{"rendered":"https:\/\/uniquality.com.br\/?page_id=193"},"modified":"2025-06-02T16:09:16","modified_gmt":"2025-06-02T16:09:16","slug":"treinamentos","status":"publish","type":"page","link":"https:\/\/uniquality.com.br\/index.php\/treinamentos\/","title":{"rendered":"Treinamentos"},"content":{"rendered":"\t\t<div data-elementor-type=\"wp-page\" data-elementor-id=\"193\" class=\"elementor elementor-193\">\n\t\t\t\t<div class=\"elementor-element elementor-element-1e2e378 e-flex e-con-boxed e-con e-parent\" data-id=\"1e2e378\" data-element_type=\"container\" data-e-type=\"container\">\n\t\t\t\t\t<div class=\"e-con-inner\">\n\t\t\t\t<div class=\"elementor-element elementor-element-e805804 elementor-widget elementor-widget-spacer\" data-id=\"e805804\" data-element_type=\"widget\" data-e-type=\"widget\" data-widget_type=\"spacer.default\">\n\t\t\t\t<div class=\"elementor-widget-container\">\n\t\t\t\t\t\t\t<div class=\"elementor-spacer\">\n\t\t\t<div class=\"elementor-spacer-inner\"><\/div>\n\t\t<\/div>\n\t\t\t\t\t\t<\/div>\n\t\t\t\t<\/div>\n\t\t\t\t\t<\/div>\n\t\t\t\t<\/div>\n\t\t<div class=\"elementor-element elementor-element-8d4259a e-flex e-con-boxed e-con e-parent\" data-id=\"8d4259a\" data-element_type=\"container\" data-e-type=\"container\">\n\t\t\t\t\t<div class=\"e-con-inner\">\n\t\t\t\t<div class=\"elementor-element elementor-element-df245ef elementor-widget elementor-widget-heading\" data-id=\"df245ef\" data-element_type=\"widget\" data-e-type=\"widget\" data-widget_type=\"heading.default\">\n\t\t\t\t<div class=\"elementor-widget-container\">\n\t\t\t\t\t<h1 class=\"elementor-heading-title elementor-size-default\">Treinamentos UNIQUALITY<\/h1>\t\t\t\t<\/div>\n\t\t\t\t<\/div>\n\t\t\t\t<div class=\"elementor-element elementor-element-9b7c8ec elementor-widget elementor-widget-heading\" data-id=\"9b7c8ec\" data-element_type=\"widget\" data-e-type=\"widget\" data-widget_type=\"heading.default\">\n\t\t\t\t<div class=\"elementor-widget-container\">\n\t\t\t\t\t<h2 class=\"elementor-heading-title elementor-size-default\">Excel\u00eancia na Gest\u00e3o da Qualidade e Sustentabilidade<\/h2>\t\t\t\t<\/div>\n\t\t\t\t<\/div>\n\t\t\t\t\t<\/div>\n\t\t\t\t<\/div>\n\t\t<div class=\"elementor-element elementor-element-d834daf e-flex e-con-boxed e-con e-parent\" data-id=\"d834daf\" data-element_type=\"container\" data-e-type=\"container\">\n\t\t\t\t\t<div class=\"e-con-inner\">\n\t\t<div class=\"elementor-element elementor-element-988e2fb e-con-full e-flex e-con e-child\" data-id=\"988e2fb\" data-element_type=\"container\" data-e-type=\"container\">\n\t\t\t\t<div class=\"elementor-element elementor-element-c82d655 elementor-widget elementor-widget-text-editor\" data-id=\"c82d655\" data-element_type=\"widget\" data-e-type=\"widget\" data-widget_type=\"text-editor.default\">\n\t\t\t\t<div class=\"elementor-widget-container\">\n\t\t\t\t\t\t\t\t\t<p>A <b>UNIQUALITY <\/b>oferece treinamentos especializados para empresas que buscam aperfei\u00e7oamento cont\u00ednuo, efici\u00eancia operacional e conformidade com normas internacionais.<\/p><p>Nossos cursos capacitam equipes para aplicar sistemas de gest\u00e3o alinhados \u00e0s melhores pr\u00e1ticas do mercado, promovendo qualidade, sustentabilidade e melhoria de processos.<\/p><p>Treinamos e desenvolvemos pessoas para diferentes empresas em diversos portes e segmentos.<\/p>\t\t\t\t\t\t\t\t<\/div>\n\t\t\t\t<\/div>\n\t\t\t\t<\/div>\n\t\t<div class=\"elementor-element elementor-element-92a55fa e-con-full e-flex e-con e-child\" data-id=\"92a55fa\" data-element_type=\"container\" data-e-type=\"container\">\n\t\t\t\t<div class=\"elementor-element elementor-element-f261ac6 elementor-widget elementor-widget-image\" data-id=\"f261ac6\" data-element_type=\"widget\" data-e-type=\"widget\" data-widget_type=\"image.default\">\n\t\t\t\t<div class=\"elementor-widget-container\">\n\t\t\t\t\t\t\t\t\t\t\t\t\t\t\t<img fetchpriority=\"high\" decoding=\"async\" width=\"500\" height=\"333\" src=\"https:\/\/uniquality.com.br\/wp-content\/uploads\/2025\/06\/imagens_paginas_trein.jpg\" class=\"attachment-large size-large wp-image-368\" alt=\"\" srcset=\"https:\/\/uniquality.com.br\/wp-content\/uploads\/2025\/06\/imagens_paginas_trein.jpg 500w, https:\/\/uniquality.com.br\/wp-content\/uploads\/2025\/06\/imagens_paginas_trein-300x200.jpg 300w\" sizes=\"(max-width: 500px) 100vw, 500px\" \/>\t\t\t\t\t\t\t\t\t\t\t\t\t\t\t<\/div>\n\t\t\t\t<\/div>\n\t\t\t\t<\/div>\n\t\t\t\t\t<\/div>\n\t\t\t\t<\/div>\n\t\t<div class=\"elementor-element elementor-element-6efc464 e-flex e-con-boxed e-con e-parent\" data-id=\"6efc464\" data-element_type=\"container\" data-e-type=\"container\">\n\t\t\t\t\t<div class=\"e-con-inner\">\n\t\t\t\t<div class=\"elementor-element elementor-element-1cd5778 elementor-widget elementor-widget-heading\" data-id=\"1cd5778\" data-element_type=\"widget\" data-e-type=\"widget\" data-widget_type=\"heading.default\">\n\t\t\t\t<div class=\"elementor-widget-container\">\n\t\t\t\t\t<h2 class=\"elementor-heading-title elementor-size-default\">Treinamentos Dispon\u00edveis<\/h2>\t\t\t\t<\/div>\n\t\t\t\t<\/div>\n\t\t\t\t<div class=\"elementor-element elementor-element-9a75f6c elementor-widget elementor-widget-text-editor\" data-id=\"9a75f6c\" data-element_type=\"widget\" data-e-type=\"widget\" data-widget_type=\"text-editor.default\">\n\t\t\t\t<div class=\"elementor-widget-container\">\n\t\t\t\t\t\t\t\t\t<p>&#8211; <b>ISO 9001 \u2013 Gest\u00e3o da Qualidade<\/b> &#8211;\u00a0Curso voltado \u00e0 implementa\u00e7\u00e3o e manuten\u00e7\u00e3o da norma ISO 9001, garantindo processos padronizados, controle de qualidade e otimiza\u00e7\u00e3o de resultados.<\/p><p>&#8211; <b>ISO 14001 \u2013 Gest\u00e3o Ambiental<\/b> &#8211;\u00a0Treinamento para empresas que buscam reduzir impactos ambientais, melhorar o uso de recursos e adotar pr\u00e1ticas sustent\u00e1veis conforme a ISO 14001.<\/p><p>&#8211; <b>Ferramentas da Qualidade<\/b> &#8211;\u00a0Capacita\u00e7\u00e3o em m\u00e9todos essenciais, como PDCA, 5S, MASP, entre outras, para otimizar a tomada de decis\u00f5es e elevar a efici\u00eancia operacional.<\/p><p>&#8211; <b>Auditorias Internas<\/b> &#8211;\u00a0Treinamento especializado para forma\u00e7\u00e3o de auditores internos, garantindo a correta aplica\u00e7\u00e3o das normas e identifica\u00e7\u00e3o de oportunidades de melhoria.<\/p><p>&#8211; <b>Gest\u00e3o Estrat\u00e9gica e Processos<\/b> &#8211;\u00a0Aprenda a estruturar e alinhar processos empresariais \u00e0 estrat\u00e9gia organizacional, potencializando a competitividade e inova\u00e7\u00e3o da sua empresa.<\/p><p>Com abordagem pr\u00e1tica e din\u00e2mica, os treinamentos da <b>UNIQUALITY<\/b> capacitam profissionais para transformar desafios em oportunidades de crescimento, garantindo conformidade, efici\u00eancia e excel\u00eancia empresarial.<\/p><p>Quer capacitar sua equipe e elevar o desempenho do seu neg\u00f3cio?<\/p><p>Fale conosco e descubra como nossos treinamentos podem impulsionar sua empresa!<\/p>\t\t\t\t\t\t\t\t<\/div>\n\t\t\t\t<\/div>\n\t\t\t\t\t<\/div>\n\t\t\t\t<\/div>\n\t\t<div class=\"elementor-element elementor-element-e93545b e-flex e-con-boxed e-con e-parent\" data-id=\"e93545b\" data-element_type=\"container\" data-e-type=\"container\">\n\t\t\t\t\t<div class=\"e-con-inner\">\n\t\t\t\t<div class=\"elementor-element elementor-element-c3b42e0 elementor-widget elementor-widget-spacer\" data-id=\"c3b42e0\" data-element_type=\"widget\" data-e-type=\"widget\" data-widget_type=\"spacer.default\">\n\t\t\t\t<div class=\"elementor-widget-container\">\n\t\t\t\t\t\t\t<div class=\"elementor-spacer\">\n\t\t\t<div class=\"elementor-spacer-inner\"><\/div>\n\t\t<\/div>\n\t\t\t\t\t\t<\/div>\n\t\t\t\t<\/div>\n\t\t\t\t<div class=\"elementor-element elementor-element-79f5e72 elementor-fixed elementor-widget elementor-widget-button\" data-id=\"79f5e72\" data-element_type=\"widget\" data-e-type=\"widget\" data-settings=\"{&quot;_position&quot;:&quot;fixed&quot;}\" data-widget_type=\"button.default\">\n\t\t\t\t<div class=\"elementor-widget-container\">\n\t\t\t\t\t\t\t\t\t<div class=\"elementor-button-wrapper\">\n\t\t\t\t\t<a class=\"elementor-button elementor-button-link elementor-size-sm elementor-animation-grow\" href=\"https:\/\/api.whatsapp.com\/send\/?phone=5547999820636&#038;text=Ol\u00e1,%20tudo%20bem?%20Acessei%20o%20seu%20site%20e%20gostaria%20de%20atendimento!&#038;type=phone_number&#038;app_absent=0\" target=\"_blank\">\n\t\t\t\t\t\t<span class=\"elementor-button-content-wrapper\">\n\t\t\t\t\t\t<span class=\"elementor-button-icon\">\n\t\t\t\t<svg aria-hidden=\"true\" class=\"e-font-icon-svg e-fab-whatsapp\" viewBox=\"0 0 448 512\" xmlns=\"http:\/\/www.w3.org\/2000\/svg\"><path d=\"M380.9 97.1C339 55.1 283.2 32 223.9 32c-122.4 0-222 99.6-222 222 0 39.1 10.2 77.3 29.6 111L0 480l117.7-30.9c32.4 17.7 68.9 27 106.1 27h.1c122.3 0 224.1-99.6 224.1-222 0-59.3-25.2-115-67.1-157zm-157 341.6c-33.2 0-65.7-8.9-94-25.7l-6.7-4-69.8 18.3L72 359.2l-4.4-7c-18.5-29.4-28.2-63.3-28.2-98.2 0-101.7 82.8-184.5 184.6-184.5 49.3 0 95.6 19.2 130.4 54.1 34.8 34.9 56.2 81.2 56.1 130.5 0 101.8-84.9 184.6-186.6 184.6zm101.2-138.2c-5.5-2.8-32.8-16.2-37.9-18-5.1-1.9-8.8-2.8-12.5 2.8-3.7 5.6-14.3 18-17.6 21.8-3.2 3.7-6.5 4.2-12 1.4-32.6-16.3-54-29.1-75.5-66-5.7-9.8 5.7-9.1 16.3-30.3 1.8-3.7.9-6.9-.5-9.7-1.4-2.8-12.5-30.1-17.1-41.2-4.5-10.8-9.1-9.3-12.5-9.5-3.2-.2-6.9-.2-10.6-.2-3.7 0-9.7 1.4-14.8 6.9-5.1 5.6-19.4 19-19.4 46.3 0 27.3 19.9 53.7 22.6 57.4 2.8 3.7 39.1 59.7 94.8 83.8 35.2 15.2 49 16.5 66.6 13.9 10.7-1.6 32.8-13.4 37.4-26.4 4.6-13 4.6-24.1 3.2-26.4-1.3-2.5-5-3.9-10.5-6.6z\"><\/path><\/svg>\t\t\t<\/span>\n\t\t\t\t\t\t\t\t<\/span>\n\t\t\t\t\t<\/a>\n\t\t\t\t<\/div>\n\t\t\t\t\t\t\t\t<\/div>\n\t\t\t\t<\/div>\n\t\t\t\t\t<\/div>\n\t\t\t\t<\/div>\n\t\t\t\t<\/div>\n\t\t","protected":false},"excerpt":{"rendered":"<p>Treinamentos UNIQUALITY Excel\u00eancia na Gest\u00e3o da Qualidade e Sustentabilidade A UNIQUALITY oferece treinamentos especializados para empresas que buscam aperfei\u00e7oamento cont\u00ednuo, efici\u00eancia operacional e conformidade com normas internacionais. Nossos cursos capacitam equipes para aplicar sistemas de gest\u00e3o alinhados \u00e0s melhores pr\u00e1ticas do mercado, promovendo qualidade, sustentabilidade e melhoria de processos. Treinamos e desenvolvemos pessoas para diferentes [&hellip;]<\/p>\n","protected":false},"author":1,"featured_media":0,"parent":0,"menu_order":0,"comment_status":"closed","ping_status":"closed","template":"elementor_header_footer","meta":{"footnotes":""},"class_list":["post-193","page","type-page","status-publish","hentry"],"_links":{"self":[{"href":"https:\/\/uniquality.com.br\/index.php\/wp-json\/wp\/v2\/pages\/193","targetHints":{"allow":["GET"]}}],"collection":[{"href":"https:\/\/uniquality.com.br\/index.php\/wp-json\/wp\/v2\/pages"}],"about":[{"href":"https:\/\/uniquality.com.br\/index.php\/wp-json\/wp\/v2\/types\/page"}],"author":[{"embeddable":true,"href":"https:\/\/uniquality.com.br\/index.php\/wp-json\/wp\/v2\/users\/1"}],"replies":[{"embeddable":true,"href":"https:\/\/uniquality.com.br\/index.php\/wp-json\/wp\/v2\/comments?post=193"}],"version-history":[{"count":18,"href":"https:\/\/uniquality.com.br\/index.php\/wp-json\/wp\/v2\/pages\/193\/revisions"}],"predecessor-version":[{"id":439,"href":"https:\/\/uniquality.com.br\/index.php\/wp-json\/wp\/v2\/pages\/193\/revisions\/439"}],"wp:attachment":[{"href":"https:\/\/uniquality.com.br\/index.php\/wp-json\/wp\/v2\/media?parent=193"}],"curies":[{"name":"wp","href":"https:\/\/api.w.org\/{rel}","templated":true}]}}