{"id":195,"date":"2025-06-01T11:50:57","date_gmt":"2025-06-01T11:50:57","guid":{"rendered":"https:\/\/uniquality.com.br\/?page_id=195"},"modified":"2025-06-02T09:25:38","modified_gmt":"2025-06-02T09:25:38","slug":"gestao_empresarial","status":"publish","type":"page","link":"https:\/\/uniquality.com.br\/index.php\/gestao_empresarial\/","title":{"rendered":"Gest\u00e3o Empresarial"},"content":{"rendered":"\t\t<div data-elementor-type=\"wp-page\" data-elementor-id=\"195\" class=\"elementor elementor-195\">\n\t\t\t\t<div class=\"elementor-element elementor-element-cfaf695 e-flex e-con-boxed e-con e-parent\" data-id=\"cfaf695\" data-element_type=\"container\" data-e-type=\"container\">\n\t\t\t\t\t<div class=\"e-con-inner\">\n\t\t\t\t<div class=\"elementor-element elementor-element-b5a302e elementor-widget elementor-widget-spacer\" data-id=\"b5a302e\" data-element_type=\"widget\" data-e-type=\"widget\" data-widget_type=\"spacer.default\">\n\t\t\t\t<div class=\"elementor-widget-container\">\n\t\t\t\t\t\t\t<div class=\"elementor-spacer\">\n\t\t\t<div class=\"elementor-spacer-inner\"><\/div>\n\t\t<\/div>\n\t\t\t\t\t\t<\/div>\n\t\t\t\t<\/div>\n\t\t\t\t\t<\/div>\n\t\t\t\t<\/div>\n\t\t<div class=\"elementor-element elementor-element-6efc464 e-flex e-con-boxed e-con e-parent\" data-id=\"6efc464\" data-element_type=\"container\" data-e-type=\"container\">\n\t\t\t\t\t<div class=\"e-con-inner\">\n\t\t\t\t<div class=\"elementor-element elementor-element-df245ef elementor-widget elementor-widget-heading\" data-id=\"df245ef\" data-element_type=\"widget\" data-e-type=\"widget\" data-widget_type=\"heading.default\">\n\t\t\t\t<div class=\"elementor-widget-container\">\n\t\t\t\t\t<h1 class=\"elementor-heading-title elementor-size-default\">Gest\u00e3o Empresarial<\/h1>\t\t\t\t<\/div>\n\t\t\t\t<\/div>\n\t\t\t\t<div class=\"elementor-element elementor-element-1791803 elementor-widget elementor-widget-heading\" data-id=\"1791803\" data-element_type=\"widget\" data-e-type=\"widget\" data-widget_type=\"heading.default\">\n\t\t\t\t<div class=\"elementor-widget-container\">\n\t\t\t\t\t<h2 class=\"elementor-heading-title elementor-size-default\">Para Pequenas e M\u00e9dias Empresas<\/h2>\t\t\t\t<\/div>\n\t\t\t\t<\/div>\n\t\t\t\t\t<\/div>\n\t\t\t\t<\/div>\n\t\t<div class=\"elementor-element elementor-element-4f0bfd1 e-flex e-con-boxed e-con e-parent\" data-id=\"4f0bfd1\" data-element_type=\"container\" data-e-type=\"container\">\n\t\t\t\t\t<div class=\"e-con-inner\">\n\t\t<div class=\"elementor-element elementor-element-4da9242 e-con-full e-flex e-con e-child\" data-id=\"4da9242\" data-element_type=\"container\" data-e-type=\"container\">\n\t\t\t\t<div class=\"elementor-element elementor-element-9b94882 elementor-widget elementor-widget-text-editor\" data-id=\"9b94882\" data-element_type=\"widget\" data-e-type=\"widget\" data-widget_type=\"text-editor.default\">\n\t\t\t\t<div class=\"elementor-widget-container\">\n\t\t\t\t\t\t\t\t\t<p>O sucesso de uma empresa n\u00e3o depende apenas de boas ideias, mas de uma gest\u00e3o estrat\u00e9gica capaz de transformar desafios em oportunidades.<\/p>\n<p>Na <b>UNIQUALITY<\/b>, oferecemos consultoria especializada para a estrutura\u00e7\u00e3o e crescimento de pequenas e m\u00e9dias empresas, proporcionando um direcionamento estrat\u00e9gico s\u00f3lido e pr\u00e1tico.<\/p><p>Com mais de 30 anos de experi\u00eancia, ajudamos neg\u00f3cios a alavancar seu potencial, organizando processos e implementando ferramentas simples, por\u00e9m eficazes, que garantem maior efici\u00eancia e desempenho alinhado ao prop\u00f3sito empresarial.<\/p>\t\t\t\t\t\t\t\t<\/div>\n\t\t\t\t<\/div>\n\t\t\t\t<\/div>\n\t\t<div class=\"elementor-element elementor-element-3a0c5e7 e-con-full e-flex e-con e-child\" data-id=\"3a0c5e7\" data-element_type=\"container\" data-e-type=\"container\">\n\t\t\t\t<div class=\"elementor-element elementor-element-f213dc3 elementor-widget elementor-widget-image\" data-id=\"f213dc3\" data-element_type=\"widget\" data-e-type=\"widget\" data-widget_type=\"image.default\">\n\t\t\t\t<div class=\"elementor-widget-container\">\n\t\t\t\t\t\t\t\t\t\t\t\t\t\t\t<img fetchpriority=\"high\" decoding=\"async\" width=\"500\" height=\"333\" src=\"https:\/\/uniquality.com.br\/wp-content\/uploads\/2025\/06\/imagens_paginas_ge.jpg\" class=\"attachment-large size-large wp-image-335\" alt=\"\" srcset=\"https:\/\/uniquality.com.br\/wp-content\/uploads\/2025\/06\/imagens_paginas_ge.jpg 500w, https:\/\/uniquality.com.br\/wp-content\/uploads\/2025\/06\/imagens_paginas_ge-300x200.jpg 300w\" sizes=\"(max-width: 500px) 100vw, 500px\" \/>\t\t\t\t\t\t\t\t\t\t\t\t\t\t\t<\/div>\n\t\t\t\t<\/div>\n\t\t\t\t<\/div>\n\t\t\t\t\t<\/div>\n\t\t\t\t<\/div>\n\t\t<div class=\"elementor-element elementor-element-1333f0c e-flex e-con-boxed e-con e-parent\" data-id=\"1333f0c\" data-element_type=\"container\" data-e-type=\"container\">\n\t\t\t\t\t<div class=\"e-con-inner\">\n\t\t\t\t<div class=\"elementor-element elementor-element-057dc2a elementor-widget elementor-widget-text-editor\" data-id=\"057dc2a\" data-element_type=\"widget\" data-e-type=\"widget\" data-widget_type=\"text-editor.default\">\n\t\t\t\t<div class=\"elementor-widget-container\">\n\t\t\t\t\t\t\t\t\t<p>Como podemos impulsionar sua empresa?<\/p>\n<p>&#8211; <b>Diagn\u00f3stico Organizacional <\/b>\u2013 An\u00e1lise da estrutura atual e identifica\u00e7\u00e3o de oportunidades de melhoria.<\/p>\n<p>&#8211; <b>Planejamento Estrat\u00e9gico<\/b> \u2013 Defini\u00e7\u00e3o de metas e caminhos para alcan\u00e7ar crescimento sustent\u00e1vel.<\/p><p>&#8211; <b>Gest\u00e3o da Qualidade e Produtividade<\/b> \u2013 Implementa\u00e7\u00e3o de processos \u00e1geis para otimizar recursos e resultados.<\/p><p>&#8211; <b>Ferramentas Simples e Eficazes<\/b> \u2013 M\u00e9todos pr\u00e1ticos que facilitam a tomada de decis\u00e3o e organizam opera\u00e7\u00f5es.<\/p><p>&#8211; <b>Acompanhamento Cont\u00ednuo<\/b> \u2013 Suporte consultivo para garantir a evolu\u00e7\u00e3o constante da empresa.<\/p><p>Seja na formaliza\u00e7\u00e3o de processos, na melhoria da produtividade ou na adapta\u00e7\u00e3o \u00e0s tend\u00eancias de mercado, a UNIQUALITY \u00e9 o parceiro ideal para tornar sua empresa mais competitiva e sustent\u00e1vel.<\/p><p>Quer estruturar seu neg\u00f3cio e alcan\u00e7ar o melhor desempenho?<\/p><p>Entre em contato com a <b>UNIQUALITY<\/b> e descubra como podemos ajudar!&nbsp;<\/p>\t\t\t\t\t\t\t\t<\/div>\n\t\t\t\t<\/div>\n\t\t\t\t\t<\/div>\n\t\t\t\t<\/div>\n\t\t<div class=\"elementor-element elementor-element-e93545b e-flex e-con-boxed e-con e-parent\" data-id=\"e93545b\" data-element_type=\"container\" data-e-type=\"container\">\n\t\t\t\t\t<div class=\"e-con-inner\">\n\t\t\t\t<div class=\"elementor-element elementor-element-c3b42e0 elementor-widget elementor-widget-spacer\" data-id=\"c3b42e0\" data-element_type=\"widget\" data-e-type=\"widget\" data-widget_type=\"spacer.default\">\n\t\t\t\t<div class=\"elementor-widget-container\">\n\t\t\t\t\t\t\t<div class=\"elementor-spacer\">\n\t\t\t<div class=\"elementor-spacer-inner\"><\/div>\n\t\t<\/div>\n\t\t\t\t\t\t<\/div>\n\t\t\t\t<\/div>\n\t\t\t\t\t<\/div>\n\t\t\t\t<\/div>\n\t\t\t\t<\/div>\n\t\t","protected":false},"excerpt":{"rendered":"<p>Gest\u00e3o Empresarial Para Pequenas e M\u00e9dias Empresas O sucesso de uma empresa n\u00e3o depende apenas de boas ideias, mas de uma gest\u00e3o estrat\u00e9gica capaz de transformar desafios em oportunidades. Na UNIQUALITY, oferecemos consultoria especializada para a estrutura\u00e7\u00e3o e crescimento de pequenas e m\u00e9dias empresas, proporcionando um direcionamento estrat\u00e9gico s\u00f3lido e pr\u00e1tico. Com mais de 30 [&hellip;]<\/p>\n","protected":false},"author":1,"featured_media":0,"parent":0,"menu_order":0,"comment_status":"closed","ping_status":"closed","template":"elementor_header_footer","meta":{"footnotes":""},"class_list":["post-195","page","type-page","status-publish","hentry"],"_links":{"self":[{"href":"https:\/\/uniquality.com.br\/index.php\/wp-json\/wp\/v2\/pages\/195","targetHints":{"allow":["GET"]}}],"collection":[{"href":"https:\/\/uniquality.com.br\/index.php\/wp-json\/wp\/v2\/pages"}],"about":[{"href":"https:\/\/uniquality.com.br\/index.php\/wp-json\/wp\/v2\/types\/page"}],"author":[{"embeddable":true,"href":"https:\/\/uniquality.com.br\/index.php\/wp-json\/wp\/v2\/users\/1"}],"replies":[{"embeddable":true,"href":"https:\/\/uniquality.com.br\/index.php\/wp-json\/wp\/v2\/comments?post=195"}],"version-history":[{"count":15,"href":"https:\/\/uniquality.com.br\/index.php\/wp-json\/wp\/v2\/pages\/195\/revisions"}],"predecessor-version":[{"id":427,"href":"https:\/\/uniquality.com.br\/index.php\/wp-json\/wp\/v2\/pages\/195\/revisions\/427"}],"wp:attachment":[{"href":"https:\/\/uniquality.com.br\/index.php\/wp-json\/wp\/v2\/media?parent=195"}],"curies":[{"name":"wp","href":"https:\/\/api.w.org\/{rel}","templated":true}]}}