{"id":197,"date":"2025-06-01T11:50:37","date_gmt":"2025-06-01T11:50:37","guid":{"rendered":"https:\/\/uniquality.com.br\/?page_id=197"},"modified":"2025-06-02T09:22:44","modified_gmt":"2025-06-02T09:22:44","slug":"certificacao_de_produtos","status":"publish","type":"page","link":"https:\/\/uniquality.com.br\/index.php\/certificacao_de_produtos\/","title":{"rendered":"Certifica\u00e7\u00e3o de Produtos"},"content":{"rendered":"\t\t<div data-elementor-type=\"wp-page\" data-elementor-id=\"197\" class=\"elementor elementor-197\">\n\t\t\t\t<div class=\"elementor-element elementor-element-9b174d3 e-flex e-con-boxed e-con e-parent\" data-id=\"9b174d3\" data-element_type=\"container\" data-e-type=\"container\">\n\t\t\t\t\t<div class=\"e-con-inner\">\n\t\t\t\t<div class=\"elementor-element elementor-element-2ce8a4b elementor-widget elementor-widget-spacer\" data-id=\"2ce8a4b\" data-element_type=\"widget\" data-e-type=\"widget\" data-widget_type=\"spacer.default\">\n\t\t\t\t<div class=\"elementor-widget-container\">\n\t\t\t\t\t\t\t<div class=\"elementor-spacer\">\n\t\t\t<div class=\"elementor-spacer-inner\"><\/div>\n\t\t<\/div>\n\t\t\t\t\t\t<\/div>\n\t\t\t\t<\/div>\n\t\t\t\t\t<\/div>\n\t\t\t\t<\/div>\n\t\t<div class=\"elementor-element elementor-element-6efc464 e-flex e-con-boxed e-con e-parent\" data-id=\"6efc464\" data-element_type=\"container\" data-e-type=\"container\">\n\t\t\t\t\t<div class=\"e-con-inner\">\n\t\t\t\t<div class=\"elementor-element elementor-element-df245ef elementor-widget elementor-widget-heading\" data-id=\"df245ef\" data-element_type=\"widget\" data-e-type=\"widget\" data-widget_type=\"heading.default\">\n\t\t\t\t<div class=\"elementor-widget-container\">\n\t\t\t\t\t<h1 class=\"elementor-heading-title elementor-size-default\">Certifica\u00e7\u00e3o de Produtos<\/h1>\t\t\t\t<\/div>\n\t\t\t\t<\/div>\n\t\t\t\t\t<\/div>\n\t\t\t\t<\/div>\n\t\t<div class=\"elementor-element elementor-element-88a512a e-flex e-con-boxed e-con e-parent\" data-id=\"88a512a\" data-element_type=\"container\" data-e-type=\"container\">\n\t\t\t\t\t<div class=\"e-con-inner\">\n\t\t<div class=\"elementor-element elementor-element-e4940a5 e-con-full e-flex e-con e-child\" data-id=\"e4940a5\" data-element_type=\"container\" data-e-type=\"container\">\n\t\t\t\t<div class=\"elementor-element elementor-element-5aaeae9 elementor-widget elementor-widget-heading\" data-id=\"5aaeae9\" data-element_type=\"widget\" data-e-type=\"widget\" data-widget_type=\"heading.default\">\n\t\t\t\t<div class=\"elementor-widget-container\">\n\t\t\t\t\t<h2 class=\"elementor-heading-title elementor-size-default\">Credibilidade, Qualidade e Conformidade\u00a0<\/h2>\t\t\t\t<\/div>\n\t\t\t\t<\/div>\n\t\t\t\t<div class=\"elementor-element elementor-element-42677c4 elementor-widget elementor-widget-text-editor\" data-id=\"42677c4\" data-element_type=\"widget\" data-e-type=\"widget\" data-widget_type=\"text-editor.default\">\n\t\t\t\t<div class=\"elementor-widget-container\">\n\t\t\t\t\t\t\t\t\t<p>A certifica\u00e7\u00e3o de produtos \u00e9 um fator essencial para garantir a seguran\u00e7a, qualidade e conformidade com regulamentos t\u00e9cnicos, fortalecendo a credibilidade da empresa e ampliando sua competitividade no mercado.<\/p>\n<p>Seja por exig\u00eancia do <b>INMETRO\/ANVISA<\/b>, para atender regulamenta\u00e7\u00f5es obrigat\u00f3rias, ou por op\u00e7\u00e3o estrat\u00e9gica da empresa, a certifica\u00e7\u00e3o volunt\u00e1ria agrega valor e diferencia\u00e7\u00e3o ao produto.<br><\/p>\t\t\t\t\t\t\t\t<\/div>\n\t\t\t\t<\/div>\n\t\t\t\t<\/div>\n\t\t<div class=\"elementor-element elementor-element-b35a55b e-con-full e-flex e-con e-child\" data-id=\"b35a55b\" data-element_type=\"container\" data-e-type=\"container\">\n\t\t\t\t<div class=\"elementor-element elementor-element-e79dc23 elementor-widget elementor-widget-image\" data-id=\"e79dc23\" data-element_type=\"widget\" data-e-type=\"widget\" data-widget_type=\"image.default\">\n\t\t\t\t<div class=\"elementor-widget-container\">\n\t\t\t\t\t\t\t\t\t\t\t\t\t\t\t<img fetchpriority=\"high\" decoding=\"async\" width=\"500\" height=\"333\" src=\"https:\/\/uniquality.com.br\/wp-content\/uploads\/2025\/06\/imagens_paginas_cp.jpg\" class=\"attachment-large size-large wp-image-305\" alt=\"\" srcset=\"https:\/\/uniquality.com.br\/wp-content\/uploads\/2025\/06\/imagens_paginas_cp.jpg 500w, https:\/\/uniquality.com.br\/wp-content\/uploads\/2025\/06\/imagens_paginas_cp-300x200.jpg 300w\" sizes=\"(max-width: 500px) 100vw, 500px\" \/>\t\t\t\t\t\t\t\t\t\t\t\t\t\t\t<\/div>\n\t\t\t\t<\/div>\n\t\t\t\t<\/div>\n\t\t\t\t\t<\/div>\n\t\t\t\t<\/div>\n\t\t<div class=\"elementor-element elementor-element-e3b7fe9 e-flex e-con-boxed e-con e-parent\" data-id=\"e3b7fe9\" data-element_type=\"container\" data-e-type=\"container\">\n\t\t\t\t\t<div class=\"e-con-inner\">\n\t\t\t\t<div class=\"elementor-element elementor-element-cdd8406 elementor-widget elementor-widget-text-editor\" data-id=\"cdd8406\" data-element_type=\"widget\" data-e-type=\"widget\" data-widget_type=\"text-editor.default\">\n\t\t\t\t<div class=\"elementor-widget-container\">\n\t\t\t\t\t\t\t\t\t<p>Na <b>UNIQUALITY<\/b>, oferecemos um suporte completo para empresas que buscam a certifica\u00e7\u00e3o de seus produtos, integrando processos de gest\u00e3o da qualidade, gest\u00e3o ambiental, seguran\u00e7a e sa\u00fade no trabalho, conforme normas como ISO 9001, ISO 14001 e ISO 45.000. Com nossa experi\u00eancia e equipe qualificada, ajudamos sua empresa a garantir conformidade e maximizar a confian\u00e7a dos consumidores e do mercado.<\/p>\t\t\t\t\t\t\t\t<\/div>\n\t\t\t\t<\/div>\n\t\t\t\t<div class=\"elementor-element elementor-element-8e20959 elementor-widget elementor-widget-heading\" data-id=\"8e20959\" data-element_type=\"widget\" data-e-type=\"widget\" data-widget_type=\"heading.default\">\n\t\t\t\t<div class=\"elementor-widget-container\">\n\t\t\t\t\t<h2 class=\"elementor-heading-title elementor-size-default\">Nossos Servi\u00e7os<\/h2>\t\t\t\t<\/div>\n\t\t\t\t<\/div>\n\t\t\t\t<div class=\"elementor-element elementor-element-e0a7cda elementor-widget elementor-widget-text-editor\" data-id=\"e0a7cda\" data-element_type=\"widget\" data-e-type=\"widget\" data-widget_type=\"text-editor.default\">\n\t\t\t\t<div class=\"elementor-widget-container\">\n\t\t\t\t\t\t\t\t\t<p>&#8211; <b>Certifica\u00e7\u00e3o Compuls\u00f3ria<\/b> \u2013 Adequa\u00e7\u00e3o de produtos \u00e0s normas do INMETRO\/ANVISA, garantindo conformidade com regulamenta\u00e7\u00f5es obrigat\u00f3rias.<\/p><p>&#8211; <b>Certifica\u00e7\u00e3o Volunt\u00e1ria<\/b> \u2013 Avalia\u00e7\u00e3o estrat\u00e9gica para empresas que desejam certificar seus produtos como diferencial competitivo<\/p><p>&#8211; <b>An\u00e1lise T\u00e9cnica<\/b> \u2013 Avalia\u00e7\u00e3o detalhada das caracter\u00edsticas e desempenho dos produtos, validando sua seguran\u00e7a e qualidade.<\/p><p>&#8211; <b>Auditoria e Consultoria<\/b> \u2013 Diagn\u00f3stico e suporte para adequa\u00e7\u00e3o dos processos e produtos \u00e0s normas exigidas.<\/p><p>&#8211; <b>Gest\u00e3o Integrada<\/b> \u2013 Implementa\u00e7\u00e3o de sistemas de qualidade e sustentabilidade para fortalecer a certifica\u00e7\u00e3o e efici\u00eancia produtiva.<\/p><p>Empresas que investem na certifica\u00e7\u00e3o de produtos asseguram confian\u00e7a no mercado, minimizam riscos regulat\u00f3rios e potencializam a aceita\u00e7\u00e3o dos consumidores.<\/p><p>Quer certificar seus produtos e se destacar no mercado?<\/p><p>Fale com a <b>UNIQUALITY <\/b>e descubra como nossa expertise pode tornar seu processo de certifica\u00e7\u00e3o mais \u00e1gil, eficaz e vantajoso!<\/p>\t\t\t\t\t\t\t\t<\/div>\n\t\t\t\t<\/div>\n\t\t\t\t\t<\/div>\n\t\t\t\t<\/div>\n\t\t<div class=\"elementor-element elementor-element-e93545b e-flex e-con-boxed e-con e-parent\" data-id=\"e93545b\" data-element_type=\"container\" data-e-type=\"container\">\n\t\t\t\t\t<div class=\"e-con-inner\">\n\t\t\t\t<div class=\"elementor-element elementor-element-c3b42e0 elementor-widget elementor-widget-spacer\" data-id=\"c3b42e0\" data-element_type=\"widget\" data-e-type=\"widget\" data-widget_type=\"spacer.default\">\n\t\t\t\t<div class=\"elementor-widget-container\">\n\t\t\t\t\t\t\t<div class=\"elementor-spacer\">\n\t\t\t<div class=\"elementor-spacer-inner\"><\/div>\n\t\t<\/div>\n\t\t\t\t\t\t<\/div>\n\t\t\t\t<\/div>\n\t\t\t\t\t<\/div>\n\t\t\t\t<\/div>\n\t\t\t\t<\/div>\n\t\t","protected":false},"excerpt":{"rendered":"<p>Certifica\u00e7\u00e3o de Produtos Credibilidade, Qualidade e Conformidade\u00a0 A certifica\u00e7\u00e3o de produtos \u00e9 um fator essencial para garantir a seguran\u00e7a, qualidade e conformidade com regulamentos t\u00e9cnicos, fortalecendo a credibilidade da empresa e ampliando sua competitividade no mercado. Seja por exig\u00eancia do INMETRO\/ANVISA, para atender regulamenta\u00e7\u00f5es obrigat\u00f3rias, ou por op\u00e7\u00e3o estrat\u00e9gica da empresa, a certifica\u00e7\u00e3o volunt\u00e1ria agrega [&hellip;]<\/p>\n","protected":false},"author":1,"featured_media":0,"parent":0,"menu_order":0,"comment_status":"closed","ping_status":"closed","template":"elementor_header_footer","meta":{"footnotes":""},"class_list":["post-197","page","type-page","status-publish","hentry"],"_links":{"self":[{"href":"https:\/\/uniquality.com.br\/index.php\/wp-json\/wp\/v2\/pages\/197","targetHints":{"allow":["GET"]}}],"collection":[{"href":"https:\/\/uniquality.com.br\/index.php\/wp-json\/wp\/v2\/pages"}],"about":[{"href":"https:\/\/uniquality.com.br\/index.php\/wp-json\/wp\/v2\/types\/page"}],"author":[{"embeddable":true,"href":"https:\/\/uniquality.com.br\/index.php\/wp-json\/wp\/v2\/users\/1"}],"replies":[{"embeddable":true,"href":"https:\/\/uniquality.com.br\/index.php\/wp-json\/wp\/v2\/comments?post=197"}],"version-history":[{"count":29,"href":"https:\/\/uniquality.com.br\/index.php\/wp-json\/wp\/v2\/pages\/197\/revisions"}],"predecessor-version":[{"id":409,"href":"https:\/\/uniquality.com.br\/index.php\/wp-json\/wp\/v2\/pages\/197\/revisions\/409"}],"wp:attachment":[{"href":"https:\/\/uniquality.com.br\/index.php\/wp-json\/wp\/v2\/media?parent=197"}],"curies":[{"name":"wp","href":"https:\/\/api.w.org\/{rel}","templated":true}]}}