{"id":199,"date":"2025-06-01T11:50:18","date_gmt":"2025-06-01T11:50:18","guid":{"rendered":"https:\/\/uniquality.com.br\/?page_id=199"},"modified":"2025-06-02T17:45:20","modified_gmt":"2025-06-02T17:45:20","slug":"auditorias_internas","status":"publish","type":"page","link":"https:\/\/uniquality.com.br\/index.php\/auditorias_internas\/","title":{"rendered":"Auditorias Internas"},"content":{"rendered":"\t\t<div data-elementor-type=\"wp-page\" data-elementor-id=\"199\" class=\"elementor elementor-199\">\n\t\t\t\t<div class=\"elementor-element elementor-element-0774242 e-flex e-con-boxed e-con e-parent\" data-id=\"0774242\" data-element_type=\"container\" data-e-type=\"container\">\n\t\t\t\t\t<div class=\"e-con-inner\">\n\t\t\t\t<div class=\"elementor-element elementor-element-7f07f19 elementor-widget elementor-widget-spacer\" data-id=\"7f07f19\" data-element_type=\"widget\" data-e-type=\"widget\" data-widget_type=\"spacer.default\">\n\t\t\t\t<div class=\"elementor-widget-container\">\n\t\t\t\t\t\t\t<div class=\"elementor-spacer\">\n\t\t\t<div class=\"elementor-spacer-inner\"><\/div>\n\t\t<\/div>\n\t\t\t\t\t\t<\/div>\n\t\t\t\t<\/div>\n\t\t\t\t\t<\/div>\n\t\t\t\t<\/div>\n\t\t<div class=\"elementor-element elementor-element-6efc464 e-flex e-con-boxed e-con e-parent\" data-id=\"6efc464\" data-element_type=\"container\" data-e-type=\"container\">\n\t\t\t\t\t<div class=\"e-con-inner\">\n\t\t\t\t<div class=\"elementor-element elementor-element-df245ef elementor-widget elementor-widget-heading\" data-id=\"df245ef\" data-element_type=\"widget\" data-e-type=\"widget\" data-widget_type=\"heading.default\">\n\t\t\t\t<div class=\"elementor-widget-container\">\n\t\t\t\t\t<h1 class=\"elementor-heading-title elementor-size-default\">Auditorias de Sistemas de Gest\u00e3o <\/h1>\t\t\t\t<\/div>\n\t\t\t\t<\/div>\n\t\t\t\t\t<\/div>\n\t\t\t\t<\/div>\n\t\t<div class=\"elementor-element elementor-element-3a282cf e-flex e-con-boxed e-con e-parent\" data-id=\"3a282cf\" data-element_type=\"container\" data-e-type=\"container\">\n\t\t\t\t\t<div class=\"e-con-inner\">\n\t\t<div class=\"elementor-element elementor-element-e9d6e7c e-con-full e-flex e-con e-child\" data-id=\"e9d6e7c\" data-element_type=\"container\" data-e-type=\"container\">\n\t\t\t\t<div class=\"elementor-element elementor-element-04c203f elementor-widget elementor-widget-text-editor\" data-id=\"04c203f\" data-element_type=\"widget\" data-e-type=\"widget\" data-widget_type=\"text-editor.default\">\n\t\t\t\t<div class=\"elementor-widget-container\">\n\t\t\t\t\t\t\t\t\t<p>A excel\u00eancia na gest\u00e3o empresarial depende de processos bem estruturados e da conformidade com normas reconhecidas.<\/p><p>Mas o \u00eaxito de um processo de melhoria vai al\u00e9m. Precisamos assegurar que, na pr\u00e1tica, a qualidade \u00e9 assegurada.<\/p>\n<p>As auditorias especializadas da <b>UNIQUALITY<\/b> garantem que sua empresa esteja alinhada aos padr\u00f5es de qualidade, sustentabilidade e seguran\u00e7a exigidos pelo mercado, proporcionando efici\u00eancia e credibilidade.<\/p>\t\t\t\t\t\t\t\t<\/div>\n\t\t\t\t<\/div>\n\t\t\t\t<\/div>\n\t\t<div class=\"elementor-element elementor-element-b3466ec e-con-full e-flex e-con e-child\" data-id=\"b3466ec\" data-element_type=\"container\" data-e-type=\"container\">\n\t\t\t\t<div class=\"elementor-element elementor-element-a1fa788 elementor-widget elementor-widget-image\" data-id=\"a1fa788\" data-element_type=\"widget\" data-e-type=\"widget\" data-widget_type=\"image.default\">\n\t\t\t\t<div class=\"elementor-widget-container\">\n\t\t\t\t\t\t\t\t\t\t\t\t\t\t\t<img decoding=\"async\" src=\"https:\/\/uniquality.com.br\/wp-content\/uploads\/elementor\/thumbs\/imagens_paginas_ai-r6o6m70ht3ngsaxykervymkvf263ghwm9rbba521oi.jpg\" title=\"imagens_p\u00e1ginas_ai\" alt=\"imagens_p\u00e1ginas_ai\" loading=\"lazy\" \/>\t\t\t\t\t\t\t\t\t\t\t\t\t\t\t<\/div>\n\t\t\t\t<\/div>\n\t\t\t\t<\/div>\n\t\t\t\t\t<\/div>\n\t\t\t\t<\/div>\n\t\t<div class=\"elementor-element elementor-element-6b9ed41 e-flex e-con-boxed e-con e-parent\" data-id=\"6b9ed41\" data-element_type=\"container\" data-e-type=\"container\">\n\t\t\t\t\t<div class=\"e-con-inner\">\n\t\t<div class=\"elementor-element elementor-element-b539ce8 e-con-full e-flex e-con e-child\" data-id=\"b539ce8\" data-element_type=\"container\" data-e-type=\"container\">\n\t\t\t\t<div class=\"elementor-element elementor-element-6f97295 elementor-widget elementor-widget-heading\" data-id=\"6f97295\" data-element_type=\"widget\" data-e-type=\"widget\" data-widget_type=\"heading.default\">\n\t\t\t\t<div class=\"elementor-widget-container\">\n\t\t\t\t\t<h2 class=\"elementor-heading-title elementor-size-default\">Por que realizar auditorias com a UNIQUALITY?<\/h2>\t\t\t\t<\/div>\n\t\t\t\t<\/div>\n\t\t\t\t<div class=\"elementor-element elementor-element-98ce7b3 elementor-widget elementor-widget-text-editor\" data-id=\"98ce7b3\" data-element_type=\"widget\" data-e-type=\"widget\" data-widget_type=\"text-editor.default\">\n\t\t\t\t<div class=\"elementor-widget-container\">\n\t\t\t\t\t\t\t\t\t<p>Por que realizar auditorias com a <b>UNIQUALITY<\/b>?<\/p><p>&#8211; Identifica\u00e7\u00e3o de oportunidades de melhoria \u2013 Avalia\u00e7\u00e3o detalhada dos processos internos para otimiza\u00e7\u00e3o cont\u00ednua.<\/p><p>&#8211; <b>Garantia de conformidade<\/b> \u2013 Verifica\u00e7\u00e3o do cumprimento dos requisitos normativos de <b>ISO 9001<\/b>, <b>ISO 14001<\/b>,<b> ISO 17025<\/b>,<b> ISO 45001<\/b>\u00a0e <b>SASSMAQ<\/b>.<\/p><p>&#8211; <b>Prepara\u00e7\u00e3o para certifica\u00e7\u00f5es<\/b> \u2013 Auditoria estrat\u00e9gica para garantir que sua empresa esteja pronta para certifica\u00e7\u00f5es oficiais.<\/p><p>&#8211; <b>Redu\u00e7\u00e3o de riscos<\/b> \u2013 Identifica\u00e7\u00e3o e corre\u00e7\u00e3o de n\u00e3o conformidades, evitando impactos operacionais e financeiros.<\/p><p>&#8211; <b>Fortalecimento da competitividade<\/b> \u2013 Implementa\u00e7\u00e3o de pr\u00e1ticas que aumentam a qualidade dos produtos e servi\u00e7os.<\/p>\t\t\t\t\t\t\t\t<\/div>\n\t\t\t\t<\/div>\n\t\t\t\t<\/div>\n\t\t<div class=\"elementor-element elementor-element-4eaff12 e-con-full e-flex e-con e-child\" data-id=\"4eaff12\" data-element_type=\"container\" data-e-type=\"container\">\n\t\t\t\t<div class=\"elementor-element elementor-element-1ba194a elementor-widget elementor-widget-heading\" data-id=\"1ba194a\" data-element_type=\"widget\" data-e-type=\"widget\" data-widget_type=\"heading.default\">\n\t\t\t\t<div class=\"elementor-widget-container\">\n\t\t\t\t\t<h2 class=\"elementor-heading-title elementor-size-default\">Tipos de Auditorias<\/h2>\t\t\t\t<\/div>\n\t\t\t\t<\/div>\n\t\t\t\t<div class=\"elementor-element elementor-element-50f5f43 elementor-widget elementor-widget-text-editor\" data-id=\"50f5f43\" data-element_type=\"widget\" data-e-type=\"widget\" data-widget_type=\"text-editor.default\">\n\t\t\t\t<div class=\"elementor-widget-container\">\n\t\t\t\t\t\t\t\t\t<p>&#8211; <b>Auditoria de Gest\u00e3o da Qualidade (ISO 9001)<\/b> \u2013 Avalia\u00e7\u00e3o dos processos para garantir excel\u00eancia e melhoria cont\u00ednua.<\/p>\n<p>&#8211; <b>Auditoria de Gest\u00e3o Ambiental (ISO 14001)<\/b> \u2013 Identifica\u00e7\u00e3o de oportunidades para reduzir impactos ambientais e aumentar sustentabilidade.<\/p><p>&#8211; <b>Auditoria ISO 17.025<\/b> &#8211; Verifica\u00e7\u00e3o dos requisitos de confiabilidade laboratorial;<\/p><p>&#8211; <b>Auditoria ISO 45.001<\/b> &#8211; Verifica\u00e7\u00e3o dos requisitos para Sa\u00fade e Seguran\u00e7a no Trabalho.<\/p>\n<p>&#8211; <b>Auditoria SASSMAQ<\/b> \u2013 Verifica\u00e7\u00e3o dos requisitos de seguran\u00e7a, sa\u00fade e meio ambiente para transportadoras.<\/p>\n<p>&#8211; <b>Auditoria Interna<\/b> \u2013 Avalia\u00e7\u00e3o dos processos para garantir conformidade antes da certifica\u00e7\u00e3o oficial.<\/p>\n<p>Transforme sua gest\u00e3o e assegure a qualidade do seu sistema organizacional!<\/p>\n<p>Entre em contato com a <b>UNIQUALITY<\/b> e descubra como nossas auditorias podem impulsionar a excel\u00eancia da sua empresa.<\/p>\t\t\t\t\t\t\t\t<\/div>\n\t\t\t\t<\/div>\n\t\t\t\t<\/div>\n\t\t\t\t\t<\/div>\n\t\t\t\t<\/div>\n\t\t<div class=\"elementor-element elementor-element-e93545b e-flex e-con-boxed e-con e-parent\" data-id=\"e93545b\" data-element_type=\"container\" data-e-type=\"container\">\n\t\t\t\t\t<div class=\"e-con-inner\">\n\t\t\t\t<div class=\"elementor-element elementor-element-c3b42e0 elementor-widget elementor-widget-spacer\" data-id=\"c3b42e0\" data-element_type=\"widget\" data-e-type=\"widget\" data-widget_type=\"spacer.default\">\n\t\t\t\t<div class=\"elementor-widget-container\">\n\t\t\t\t\t\t\t<div class=\"elementor-spacer\">\n\t\t\t<div class=\"elementor-spacer-inner\"><\/div>\n\t\t<\/div>\n\t\t\t\t\t\t<\/div>\n\t\t\t\t<\/div>\n\t\t\t\t<div class=\"elementor-element elementor-element-6a3a7e5 elementor-fixed elementor-widget elementor-widget-button\" data-id=\"6a3a7e5\" data-element_type=\"widget\" data-e-type=\"widget\" data-settings=\"{&quot;_position&quot;:&quot;fixed&quot;}\" data-widget_type=\"button.default\">\n\t\t\t\t<div class=\"elementor-widget-container\">\n\t\t\t\t\t\t\t\t\t<div class=\"elementor-button-wrapper\">\n\t\t\t\t\t<a class=\"elementor-button elementor-button-link elementor-size-sm elementor-animation-grow\" href=\"https:\/\/api.whatsapp.com\/send\/?phone=5547999820636&#038;text=Ol\u00e1,%20tudo%20bem?%20Acessei%20o%20seu%20site%20e%20gostaria%20de%20atendimento!&#038;type=phone_number&#038;app_absent=0\" target=\"_blank\">\n\t\t\t\t\t\t<span class=\"elementor-button-content-wrapper\">\n\t\t\t\t\t\t<span class=\"elementor-button-icon\">\n\t\t\t\t<svg aria-hidden=\"true\" class=\"e-font-icon-svg e-fab-whatsapp\" viewBox=\"0 0 448 512\" xmlns=\"http:\/\/www.w3.org\/2000\/svg\"><path d=\"M380.9 97.1C339 55.1 283.2 32 223.9 32c-122.4 0-222 99.6-222 222 0 39.1 10.2 77.3 29.6 111L0 480l117.7-30.9c32.4 17.7 68.9 27 106.1 27h.1c122.3 0 224.1-99.6 224.1-222 0-59.3-25.2-115-67.1-157zm-157 341.6c-33.2 0-65.7-8.9-94-25.7l-6.7-4-69.8 18.3L72 359.2l-4.4-7c-18.5-29.4-28.2-63.3-28.2-98.2 0-101.7 82.8-184.5 184.6-184.5 49.3 0 95.6 19.2 130.4 54.1 34.8 34.9 56.2 81.2 56.1 130.5 0 101.8-84.9 184.6-186.6 184.6zm101.2-138.2c-5.5-2.8-32.8-16.2-37.9-18-5.1-1.9-8.8-2.8-12.5 2.8-3.7 5.6-14.3 18-17.6 21.8-3.2 3.7-6.5 4.2-12 1.4-32.6-16.3-54-29.1-75.5-66-5.7-9.8 5.7-9.1 16.3-30.3 1.8-3.7.9-6.9-.5-9.7-1.4-2.8-12.5-30.1-17.1-41.2-4.5-10.8-9.1-9.3-12.5-9.5-3.2-.2-6.9-.2-10.6-.2-3.7 0-9.7 1.4-14.8 6.9-5.1 5.6-19.4 19-19.4 46.3 0 27.3 19.9 53.7 22.6 57.4 2.8 3.7 39.1 59.7 94.8 83.8 35.2 15.2 49 16.5 66.6 13.9 10.7-1.6 32.8-13.4 37.4-26.4 4.6-13 4.6-24.1 3.2-26.4-1.3-2.5-5-3.9-10.5-6.6z\"><\/path><\/svg>\t\t\t<\/span>\n\t\t\t\t\t\t\t\t<\/span>\n\t\t\t\t\t<\/a>\n\t\t\t\t<\/div>\n\t\t\t\t\t\t\t\t<\/div>\n\t\t\t\t<\/div>\n\t\t\t\t\t<\/div>\n\t\t\t\t<\/div>\n\t\t\t\t<\/div>\n\t\t","protected":false},"excerpt":{"rendered":"<p>Auditorias de Sistemas de Gest\u00e3o A excel\u00eancia na gest\u00e3o empresarial depende de processos bem estruturados e da conformidade com normas reconhecidas. Mas o \u00eaxito de um processo de melhoria vai al\u00e9m. Precisamos assegurar que, na pr\u00e1tica, a qualidade \u00e9 assegurada. As auditorias especializadas da UNIQUALITY garantem que sua empresa esteja alinhada aos padr\u00f5es de qualidade, [&hellip;]<\/p>\n","protected":false},"author":1,"featured_media":0,"parent":0,"menu_order":0,"comment_status":"closed","ping_status":"closed","template":"elementor_header_footer","meta":{"footnotes":""},"class_list":["post-199","page","type-page","status-publish","hentry"],"_links":{"self":[{"href":"https:\/\/uniquality.com.br\/index.php\/wp-json\/wp\/v2\/pages\/199","targetHints":{"allow":["GET"]}}],"collection":[{"href":"https:\/\/uniquality.com.br\/index.php\/wp-json\/wp\/v2\/pages"}],"about":[{"href":"https:\/\/uniquality.com.br\/index.php\/wp-json\/wp\/v2\/types\/page"}],"author":[{"embeddable":true,"href":"https:\/\/uniquality.com.br\/index.php\/wp-json\/wp\/v2\/users\/1"}],"replies":[{"embeddable":true,"href":"https:\/\/uniquality.com.br\/index.php\/wp-json\/wp\/v2\/comments?post=199"}],"version-history":[{"count":32,"href":"https:\/\/uniquality.com.br\/index.php\/wp-json\/wp\/v2\/pages\/199\/revisions"}],"predecessor-version":[{"id":469,"href":"https:\/\/uniquality.com.br\/index.php\/wp-json\/wp\/v2\/pages\/199\/revisions\/469"}],"wp:attachment":[{"href":"https:\/\/uniquality.com.br\/index.php\/wp-json\/wp\/v2\/media?parent=199"}],"curies":[{"name":"wp","href":"https:\/\/api.w.org\/{rel}","templated":true}]}}