{"id":201,"date":"2025-06-01T11:50:01","date_gmt":"2025-06-01T11:50:01","guid":{"rendered":"https:\/\/uniquality.com.br\/?page_id=201"},"modified":"2025-06-05T22:22:34","modified_gmt":"2025-06-05T22:22:34","slug":"p_privacidade","status":"publish","type":"page","link":"https:\/\/uniquality.com.br\/index.php\/p_privacidade\/","title":{"rendered":"Pol\u00edtica de Privacidade"},"content":{"rendered":"\t\t<div data-elementor-type=\"wp-page\" data-elementor-id=\"201\" class=\"elementor elementor-201\">\n\t\t\t\t<div class=\"elementor-element elementor-element-d65d318 e-flex e-con-boxed e-con e-parent\" data-id=\"d65d318\" data-element_type=\"container\" data-e-type=\"container\">\n\t\t\t\t\t<div class=\"e-con-inner\">\n\t\t\t\t<div class=\"elementor-element elementor-element-6c0df6a elementor-widget elementor-widget-spacer\" data-id=\"6c0df6a\" data-element_type=\"widget\" data-e-type=\"widget\" data-widget_type=\"spacer.default\">\n\t\t\t\t<div class=\"elementor-widget-container\">\n\t\t\t\t\t\t\t<div class=\"elementor-spacer\">\n\t\t\t<div class=\"elementor-spacer-inner\"><\/div>\n\t\t<\/div>\n\t\t\t\t\t\t<\/div>\n\t\t\t\t<\/div>\n\t\t\t\t\t<\/div>\n\t\t\t\t<\/div>\n\t\t<div class=\"elementor-element elementor-element-6efc464 e-flex e-con-boxed e-con e-parent\" data-id=\"6efc464\" data-element_type=\"container\" data-e-type=\"container\">\n\t\t\t\t\t<div class=\"e-con-inner\">\n\t\t\t\t<div class=\"elementor-element elementor-element-df245ef elementor-widget elementor-widget-heading\" data-id=\"df245ef\" data-element_type=\"widget\" data-e-type=\"widget\" data-widget_type=\"heading.default\">\n\t\t\t\t<div class=\"elementor-widget-container\">\n\t\t\t\t\t<h1 class=\"elementor-heading-title elementor-size-default\">Pol\u00edtica de Privacidade<\/h1>\t\t\t\t<\/div>\n\t\t\t\t<\/div>\n\t\t\t\t<div class=\"elementor-element elementor-element-9a75f6c elementor-widget elementor-widget-text-editor\" data-id=\"9a75f6c\" data-element_type=\"widget\" data-e-type=\"widget\" data-widget_type=\"text-editor.default\">\n\t\t\t\t<div class=\"elementor-widget-container\">\n\t\t\t\t\t\t\t\t\t<p>\u00daltima atualiza\u00e7\u00e3o: 04\/06\/2025<\/p><p>N\u00f3s, da UNIQUALITY SERVI\u00c7OS, estamos totalmente comprometidos em resguardar a sua privacidade. O intuito deste documento \u00e9 esclarecer quais informa\u00e7\u00f5es s\u00e3o coletadas dos usu\u00e1rios de nosso site (https:\/\/www.uniquality.com.br) e de que forma esses dados s\u00e3o manipulados e utilizados.<\/p><p>Para oferecer nosso portf\u00f3lio de servi\u00e7os, a UNIQUALITY SERVI\u00c7OS por meio de seu site, do equipamento onde este est\u00e1 instalado ou sendo utilizado e dos dispositivos sincronizados com este, pode coletar dados e informa\u00e7\u00f5es, visando, sobretudo, proporcionar uma boa experi\u00eancia para voc\u00ea.<\/p><p>A UNIQUALITY SERVI\u00c7OS reconhece que a sua privacidade \u00e9 muito importante. Portanto, tomamos todas as medidas poss\u00edveis para proteg\u00ea-la. Por isso, nossa Pol\u00edtica de Privacidade visa lhe informar como as suas informa\u00e7\u00f5es e dados ser\u00e3o coletados, usados, compartilhados e armazenados por meio do nosso site e respectivos servi\u00e7os.<\/p><p>Este documento foi redigido de forma simples para que todas as informa\u00e7\u00f5es contidas no mesmo, seja de f\u00e1cil compreens\u00e3o e assim, voc\u00ea entenda como utilizamos os seus dados.<\/p><p>A aceita\u00e7\u00e3o da nossa Pol\u00edtica ser\u00e1 feita quando voc\u00ea navega pelo nosso site para o usufruir dos nossos servi\u00e7os, mesmo que de forma gratuita. Isso indicar\u00e1 que voc\u00ea est\u00e1 ciente e em total acordo com a forma como utilizaremos as suas informa\u00e7\u00f5es e seus dados.<\/p><p>Caso n\u00e3o concorde com esta Pol\u00edtica, por favor, n\u00e3o continue a navegar neste site. Todavia, por favor, informe a sua discord\u00e2ncia para que possamos melhor\u00e1-la.<\/p><p>A presente Pol\u00edtica est\u00e1 dividida da seguinte forma para facilitar a sua compreens\u00e3o:<\/p><p>&#8211; Sobre a coleta de dados;<\/p><p>&#8211; Sobre o uso de seus dados pessoais;<\/p><p>&#8211; Sobre o acesso aos seus dados pessoais;<\/p><p>&#8211; Sobre o compartilhamento de dados;<\/p><p>&#8211; Sobre o uso de informa\u00e7\u00f5es fornecidas a nossos clientes;<\/p><p>&#8211; Sobre o cancelamento da assinatura e altera\u00e7\u00e3o\/exclus\u00e3o de informa\u00e7\u00f5es pessoais;<\/p><p>&#8211; Mudan\u00e7as na Pol\u00edtica de Privacidade;<\/p><p>&#8211; Lei aplic\u00e1vel.<\/p><p>Qualquer d\u00favida em rela\u00e7\u00e3o \u00e0 nossa pol\u00edtica de privacidade pode ser esclarecida entrando em contato conosco.<\/p><p>Envie um e-mail para ney@uniquality.com.br<\/p><p>Estamos localizados em Blumenau\/SC.<\/p><p>SOBRE A COLETA DE DADOS<\/p><p>Informa\u00e7\u00f5es fornecidas por voc\u00ea: Coletamos informa\u00e7\u00f5es de identifica\u00e7\u00e3o pessoal \u2013 como nome, telefone e e-mail \u2013 via preenchimento dos formul\u00e1rios de contato para envio de mensagens. Eventualmente, a solicita\u00e7\u00e3o de algumas informa\u00e7\u00f5es pode ser feita por meio de contato direto da UNIQUALITY SERVI\u00c7OS com os usu\u00e1rios via e-mail ou telefone.<\/p><p>Informa\u00e7\u00f5es de navega\u00e7\u00e3o no site: Quando voc\u00ea visita nosso site, \u00e9 inserido um \u2018cookie\u2019 no seu navegador por meio do software Google Analytics, para identificar quantas vezes voc\u00ea retorna ao nosso endere\u00e7o. S\u00e3o coletadas informa\u00e7\u00f5es como endere\u00e7o IP, localiza\u00e7\u00e3o geogr\u00e1fica, fonte de refer\u00eancia, tipo de navegador, dura\u00e7\u00e3o da visita e p\u00e1ginas visitadas.<\/p><p>Hist\u00f3rico de contato: Aqui na UNIQUALITY SERVI\u00c7OS armazenamos informa\u00e7\u00f5es a respeito de todos os contatos j\u00e1 realizados com nossos usu\u00e1rios e intera\u00e7\u00f5es via e-mail e Whatsapp.<\/p><p>SOBRE O USO DE SEUS DADOS PESSOAIS<\/p><p>Todos os dados que coletamos s\u00e3o utilizados exclusivamente para a presta\u00e7\u00e3o de nossos servi\u00e7os, e lembramos, prezamos muito a sua privacidade. Por isso, todos os dados e informa\u00e7\u00f5es sobre voc\u00ea s\u00e3o tratadas como confidenciais, e somente as usaremos para os fins aqui descritos e autorizados por voc\u00ea, principalmente para que voc\u00ea possa utilizar nossos servi\u00e7os de forma plena, visando sempre melhorar a sua experi\u00eancia como usu\u00e1rio.<\/p><p>Eventualmente, poderemos utilizar dados para finalidades n\u00e3o previstas nesta pol\u00edtica de privacidade, mas estas estar\u00e3o dentro das suas leg\u00edtimas expectativas. O eventual uso dos seus dados para finalidades que n\u00e3o cumpram com essa prerrogativa ser\u00e1 feito mediante sua autoriza\u00e7\u00e3o pr\u00e9via.<\/p><p>Al\u00e9m do acima, utilizaremos seus dados para as seguintes finalidades:<\/p><p>Seu e-mail \u00e9 utilizado para a opera\u00e7\u00e3o de envio do material ou informativo\/informa\u00e7\u00e3o por voc\u00ea requisitada no preenchimento do formul\u00e1rio. Tamb\u00e9m pode ser usado para envio de Newsletters, sempre relacionadas ao tema do nosso site. O e-mail poder\u00e1 ser utilizado ainda para comunicar o lan\u00e7amento de novos materiais gratuitos ou de novos servi\u00e7os da UNIQUALITY SERVI\u00c7OS e parceiros. No entanto, o usu\u00e1rio pode cancelar a assinatura a qualquer momento.<\/p><p>Os dados de download poder\u00e3o ser divulgados como pesquisas e estat\u00edsticas, n\u00e3o sendo reveladas abertamente nenhuma informa\u00e7\u00e3o pessoal, a menos que autorizada explicitamente.<\/p><p>Funcion\u00e1rios da UNIQUALITY SERVI\u00c7OS poder\u00e3o eventualmente entrar em contato via e-mail ou telefone para:<\/p><p>&#8211; Fazer pesquisas ou apresentar produtos e servi\u00e7os.<\/p><p>&#8211; Nos comunicar com voc\u00ea sobre produtos, servi\u00e7os, promo\u00e7\u00f5es, not\u00edcias, atualiza\u00e7\u00f5es, eventos e outros assuntos que voc\u00ea possa ter interesse;<\/p><p>&#8211; Realizar publicidade direcionada conforme seus gostos, interesses e outras informa\u00e7\u00f5es coletadas;<\/p><p>&#8211; Personalizar o servi\u00e7o para este adequar cada vez mais aos seus gostos e interesses;<\/p><p>&#8211; Para qualquer fim que voc\u00ea autorizar no momento da coleta de dados;<\/p><p>&#8211; Cumprir obriga\u00e7\u00f5es legais.<\/p><p>SOBRE O ACESSO AOS SEUS DADOS PESSOAIS<\/p><p>Poder\u00e3o ver suas informa\u00e7\u00f5es pessoais apenas funcion\u00e1rios da UNIQUALITY SERVI\u00c7OS, e dentre estes, somente as pessoas com as devidas autoriza\u00e7\u00f5es. Nenhum dado pessoal ser\u00e1 ser divulgado publicamente.<\/p><p>Todos os seus dados s\u00e3o confidenciais e qualquer usos destes estar\u00e1 de acordo com a presente Pol\u00edtica. A UNIQUALITY SERVI\u00c7OS empreender\u00e1 todos os esfor\u00e7os para garantir a seguran\u00e7a dos nossos sistemas e dos seus dados.<\/p><p>Todas as suas informa\u00e7\u00f5es ser\u00e3o, sempre que poss\u00edvel, criptografadas, caso n\u00e3o inviabilizem o seu uso pela UNIQUALITY SERVI\u00c7OS, a qualquer momento voc\u00ea poder\u00e1 requisitar c\u00f3pia dos seus dados armazenados em nossos sistemas. Manteremos os dados e informa\u00e7\u00f5es somente at\u00e9 quando estas forem necess\u00e1rias ou relevantes para as finalidades descritas nesta Pol\u00edtica, ou em caso de per\u00edodos pr\u00e9-determinados por lei, ou at\u00e9 quando estas forem necess\u00e1rias para a manuten\u00e7\u00e3o de interesses leg\u00edtimos da UNIQUALITY SERVI\u00c7OS<\/p><p>SOBRE O COMPARTILHAMENTO DE DADOS<\/p><p>Ao clicar nos bot\u00f5es de compartilhamento de conte\u00fado nas redes sociais dispon\u00edveis em nossas p\u00e1ginas, o usu\u00e1rio publicar\u00e1 o conte\u00fado por meio de seu perfil na rede selecionada. A UNIQUALITY SERVI\u00c7OS n\u00e3o tem acesso ao login e senha dos usu\u00e1rios nessas redes, nem publicar\u00e1 conte\u00fado em nome do usu\u00e1rio sem que ele realize esta a\u00e7\u00e3o.<\/p><p>Todos os dados, informa\u00e7\u00f5es e conte\u00fados sobre voc\u00ea podem ser considerados ativos no caso de negocia\u00e7\u00f5es em que a UNIQUALITY SERVI\u00c7OS fizer parte. Portanto, nos reservamos no direito de incluir seus dados dentre os ativos da empresa caso a mesma venha a ser vendida, adquirida ou fundida com outra. Por meio desta Pol\u00edtica, voc\u00ea concorda e est\u00e1 ciente desta possibilidade.<\/p><p>A UNIQUALITY SERVI\u00c7OS se reserva no direito de fornecer seus dados e informa\u00e7\u00f5es sobre voc\u00ea, incluindo intera\u00e7\u00f5es suas, caso seja requisitado judicialmente para tanto, ato necess\u00e1rio para que a empresa esteja em conformidade com as leis nacionais, ou caso voc\u00ea autorize expressamente.<\/p><p>SOBRE A ALTERA\u00c7\u00c3O\/EXCLUS\u00c3O DE INFORMA\u00c7\u00d5ES PESSOAIS<\/p><p>Todos os dados coletados ser\u00e3o exclu\u00eddos de nossos servidores quando voc\u00ea assim requisitar ou quando estes n\u00e3o forem mais necess\u00e1rios ou relevantes para lhe oferecermos os nossos servi\u00e7os, salvo se houver qualquer outra raz\u00e3o para a sua manuten\u00e7\u00e3o, como eventual obriga\u00e7\u00e3o legal de reten\u00e7\u00e3o de dados ou necessidade de preserva\u00e7\u00e3o destes para resguardo de direitos da UNIQUALITY SERVI\u00c7OS. Para alterar suas informa\u00e7\u00f5es pessoais ou exclu\u00ed-las do nosso banco de dados, basta enviar um e-mail para ney@uniquality.com.br.<\/p><p>MUDAN\u00c7AS NA POL\u00cdTICA DE PRIVACIDADE<\/p><p>Essa Pol\u00edtica de Privacidade pode passar por atualiza\u00e7\u00f5es. Desta forma, recomendamos visitar periodicamente esta p\u00e1gina para que voc\u00ea tenha conhecimento sobre as modifica\u00e7\u00f5es. Caso sejam feitas altera\u00e7\u00f5es relevantes que ensejem novas autoriza\u00e7\u00f5es suas, publicaremos uma nova pol\u00edtica de privacidade.<\/p><p>Antes de usar informa\u00e7\u00f5es para outros fins que n\u00e3o os definidos nesta Pol\u00edtica de Privacidade, solicitaremos sua autoriza\u00e7\u00e3o.<\/p><p>LEI APLIC\u00c1VEL<\/p><p>Este documento \u00e9 regido e deve ser interpretado de acordo com as leis da Rep\u00fablica Federativa do Brasil. Fica eleito o Foro da Comarca de Blumenau\/SC, como o competente para dirimir quaisquer quest\u00f5es porventura oriundas do presente documento, com expressa ren\u00fancia a qualquer outro, por mais privilegiado que seja.<\/p>\t\t\t\t\t\t\t\t<\/div>\n\t\t\t\t<\/div>\n\t\t\t\t\t<\/div>\n\t\t\t\t<\/div>\n\t\t<div class=\"elementor-element elementor-element-e93545b e-flex e-con-boxed e-con e-parent\" data-id=\"e93545b\" data-element_type=\"container\" data-e-type=\"container\">\n\t\t\t\t\t<div class=\"e-con-inner\">\n\t\t\t\t<div class=\"elementor-element elementor-element-c3b42e0 elementor-widget elementor-widget-spacer\" data-id=\"c3b42e0\" data-element_type=\"widget\" data-e-type=\"widget\" data-widget_type=\"spacer.default\">\n\t\t\t\t<div class=\"elementor-widget-container\">\n\t\t\t\t\t\t\t<div class=\"elementor-spacer\">\n\t\t\t<div class=\"elementor-spacer-inner\"><\/div>\n\t\t<\/div>\n\t\t\t\t\t\t<\/div>\n\t\t\t\t<\/div>\n\t\t\t\t\t<\/div>\n\t\t\t\t<\/div>\n\t\t\t\t<\/div>\n\t\t","protected":false},"excerpt":{"rendered":"<p>Pol\u00edtica de Privacidade \u00daltima atualiza\u00e7\u00e3o: 04\/06\/2025 N\u00f3s, da UNIQUALITY SERVI\u00c7OS, estamos totalmente comprometidos em resguardar a sua privacidade. O intuito deste documento \u00e9 esclarecer quais informa\u00e7\u00f5es s\u00e3o coletadas dos usu\u00e1rios de nosso site (https:\/\/www.uniquality.com.br) e de que forma esses dados s\u00e3o manipulados e utilizados. Para oferecer nosso portf\u00f3lio de servi\u00e7os, a UNIQUALITY SERVI\u00c7OS por meio [&hellip;]<\/p>\n","protected":false},"author":1,"featured_media":0,"parent":0,"menu_order":0,"comment_status":"closed","ping_status":"closed","template":"elementor_header_footer","meta":{"footnotes":""},"class_list":["post-201","page","type-page","status-publish","hentry"],"_links":{"self":[{"href":"https:\/\/uniquality.com.br\/index.php\/wp-json\/wp\/v2\/pages\/201","targetHints":{"allow":["GET"]}}],"collection":[{"href":"https:\/\/uniquality.com.br\/index.php\/wp-json\/wp\/v2\/pages"}],"about":[{"href":"https:\/\/uniquality.com.br\/index.php\/wp-json\/wp\/v2\/types\/page"}],"author":[{"embeddable":true,"href":"https:\/\/uniquality.com.br\/index.php\/wp-json\/wp\/v2\/users\/1"}],"replies":[{"embeddable":true,"href":"https:\/\/uniquality.com.br\/index.php\/wp-json\/wp\/v2\/comments?post=201"}],"version-history":[{"count":17,"href":"https:\/\/uniquality.com.br\/index.php\/wp-json\/wp\/v2\/pages\/201\/revisions"}],"predecessor-version":[{"id":600,"href":"https:\/\/uniquality.com.br\/index.php\/wp-json\/wp\/v2\/pages\/201\/revisions\/600"}],"wp:attachment":[{"href":"https:\/\/uniquality.com.br\/index.php\/wp-json\/wp\/v2\/media?parent=201"}],"curies":[{"name":"wp","href":"https:\/\/api.w.org\/{rel}","templated":true}]}}